{"id":939,"date":"2022-01-24T22:46:02","date_gmt":"2022-01-24T21:46:02","guid":{"rendered":"https:\/\/miriamcastleweiss.de\/business\/?page_id=939"},"modified":"2026-03-04T21:06:11","modified_gmt":"2026-03-04T20:06:11","slug":"kontakt","status":"publish","type":"page","link":"https:\/\/miriamcastleweiss.de\/business\/kontakt\/","title":{"rendered":"Kontakt"},"content":{"rendered":"\t\t<div data-elementor-type=\"wp-page\" data-elementor-id=\"939\" class=\"elementor elementor-939\" data-elementor-post-type=\"page\">\n\t\t\t\t<div class=\"elementor-element elementor-element-edf251f e-flex e-con-boxed e-con e-parent\" data-id=\"edf251f\" data-element_type=\"container\" data-e-type=\"container\">\n\t\t\t\t\t<div class=\"e-con-inner\">\n\t\t\t\t<div class=\"elementor-element elementor-element-704a346 elementor-widget elementor-widget-heading\" data-id=\"704a346\" data-element_type=\"widget\" data-e-type=\"widget\" data-widget_type=\"heading.default\">\n\t\t\t\t<div class=\"elementor-widget-container\">\n\t\t\t\t\t<h1 class=\"elementor-heading-title elementor-size-default\">Kontakt<\/h1>\t\t\t\t<\/div>\n\t\t\t\t<\/div>\n\t\t\t\t<div class=\"elementor-element elementor-element-31b3ee5 elementor-invisible elementor-widget elementor-widget-heading\" data-id=\"31b3ee5\" data-element_type=\"widget\" data-e-type=\"widget\" data-settings=\"{&quot;_animation&quot;:&quot;slideInRight&quot;}\" data-widget_type=\"heading.default\">\n\t\t\t\t<div class=\"elementor-widget-container\">\n\t\t\t\t\t<h2 class=\"elementor-heading-title elementor-size-default\">Lass uns gemeinsam <\/br>euer Unternehmen <\/br> bildstark pr\u00e4sentieren!<\/h2>\t\t\t\t<\/div>\n\t\t\t\t<\/div>\n\t\t\t\t<div class=\"elementor-element elementor-element-214776a elementor-widget elementor-widget-image\" data-id=\"214776a\" data-element_type=\"widget\" data-e-type=\"widget\" data-widget_type=\"image.default\">\n\t\t\t\t<div class=\"elementor-widget-container\">\n\t\t\t\t\t\t\t\t\t\t\t\t\t\t\t<img fetchpriority=\"high\" decoding=\"async\" width=\"800\" height=\"532\" src=\"https:\/\/miriamcastleweiss.de\/business\/wp-content\/uploads\/2026\/01\/20-01-02-09-20-28-web.jpg\" class=\"attachment-large size-large wp-image-3205\" alt=\"\" srcset=\"https:\/\/miriamcastleweiss.de\/business\/wp-content\/uploads\/2026\/01\/20-01-02-09-20-28-web.jpg 1500w, https:\/\/miriamcastleweiss.de\/business\/wp-content\/uploads\/2026\/01\/20-01-02-09-20-28-web-768x511.jpg 768w\" sizes=\"(max-width: 800px) 100vw, 800px\" \/>\t\t\t\t\t\t\t\t\t\t\t\t\t\t\t<\/div>\n\t\t\t\t<\/div>\n\t\t<div class=\"elementor-element elementor-element-1142746 e-con-full e-flex e-con e-child\" data-id=\"1142746\" data-element_type=\"container\" data-e-type=\"container\">\n\t\t<div class=\"elementor-element elementor-element-3abffb2 e-con-full e-flex e-con e-child\" data-id=\"3abffb2\" data-element_type=\"container\" data-e-type=\"container\" data-settings=\"{&quot;background_background&quot;:&quot;classic&quot;}\">\n\t\t\t\t<div class=\"elementor-element elementor-element-af95306 elementor-widget elementor-widget-html\" data-id=\"af95306\" data-element_type=\"widget\" data-e-type=\"widget\" data-widget_type=\"html.default\">\n\t\t\t\t<div class=\"elementor-widget-container\">\n\t\t\t\t\t<iframe width=\"100%\" height=\"1200\" src=\"https:\/\/www.fotostudio.io\/lead_forms\/13199\" frameborder=\"0\" allowfullscreen><\/iframe>\t\t\t\t<\/div>\n\t\t\t\t<\/div>\n\t\t\t\t<\/div>\n\t\t<div class=\"elementor-element elementor-element-f5961ac e-con-full e-flex e-con e-child\" data-id=\"f5961ac\" data-element_type=\"container\" data-e-type=\"container\">\n\t\t\t\t<div class=\"elementor-element elementor-element-f00470c elementor-widget elementor-widget-text-editor\" data-id=\"f00470c\" data-element_type=\"widget\" data-e-type=\"widget\" data-widget_type=\"text-editor.default\">\n\t\t\t\t<div class=\"elementor-widget-container\">\n\t\t\t\t\t\t\t\t\t<p data-start=\"0\" data-end=\"182\">Gerne k\u00f6nnt ihr mich telefonisch oder schriftlich erreichen. Ich melde mich in der Regel sp\u00e4testens am n\u00e4chsten Werktag bei euch, damit wir in Ruhe \u00fcber eure W\u00fcnsche sprechen k\u00f6nnen.<\/p><p data-start=\"184\" data-end=\"354\">Wenn ihr mir schreibt, schaut bitte am n\u00e4chsten Tag auch kurz in euren Spam-Ordner. Manchmal verirren sich meine Antworten dorthin, statt direkt im Posteingang zu landen.<\/p><p data-start=\"356\" data-end=\"397\">Ich freue mich darauf, von euch zu h\u00f6ren.<\/p><p data-start=\"399\" data-end=\"423\" data-is-last-node=\"\" data-is-only-node=\"\">Herzliche Gr\u00fc\u00dfe<br data-start=\"414\" data-end=\"417\" \/><strong>Miriam<\/strong><\/p>\t\t\t\t\t\t\t\t<\/div>\n\t\t\t\t<\/div>\n\t\t\t\t<\/div>\n\t\t\t\t<\/div>\n\t\t\t\t\t<\/div>\n\t\t\t\t<\/div>\n\t\t\t\t<\/div>\n\t\t","protected":false},"excerpt":{"rendered":"<p>Kontakt Lass uns gemeinsam euer Unternehmen bildstark pr\u00e4sentieren! Gerne k\u00f6nnt ihr mich telefonisch oder schriftlich erreichen. Ich melde mich in der Regel sp\u00e4testens am n\u00e4chsten Werktag bei euch, damit wir in Ruhe \u00fcber eure W\u00fcnsche sprechen k\u00f6nnen. Wenn ihr mir schreibt, schaut bitte am n\u00e4chsten Tag auch kurz in euren Spam-Ordner. Manchmal verirren sich meine [&hellip;]<\/p>\n","protected":false},"author":1,"featured_media":0,"parent":0,"menu_order":0,"comment_status":"closed","ping_status":"closed","template":"elementor_header_footer","meta":{"_acf_changed":false,"footnotes":""},"class_list":["post-939","page","type-page","status-publish","hentry"],"acf":[],"yoast_head":"<!-- This site is optimized with the Yoast SEO plugin v27.4 - https:\/\/yoast.com\/product\/yoast-seo-wordpress\/ -->\n<title>Businessfotos Wiesbaden - Miriam Castle-Weiss Fotografie<\/title>\n<meta name=\"description\" content=\"Fotografin f\u00fcr Businessfotos rund um Wiesbaden, Frankfurt, Oberursel, Taunus und Idstein. Visuelles Storytelling f\u00fcr dein Business.\" \/>\n<meta name=\"robots\" content=\"noindex, nofollow\" \/>\n<meta property=\"og:locale\" content=\"de_DE\" \/>\n<meta property=\"og:type\" content=\"article\" \/>\n<meta property=\"og:title\" content=\"Businessfotos Wiesbaden - Miriam Castle-Weiss Fotografie\" \/>\n<meta property=\"og:description\" content=\"Fotografin f\u00fcr Businessfotos rund um Wiesbaden, Frankfurt, Oberursel, Taunus und Idstein. Visuelles Storytelling f\u00fcr dein Business.\" \/>\n<meta property=\"og:url\" content=\"https:\/\/miriamcastleweiss.de\/business\/kontakt\/\" \/>\n<meta property=\"og:site_name\" content=\"Businessfotografie Wiesbaden\" \/>\n<meta property=\"article:publisher\" content=\"https:\/\/www.facebook.com\/miriamcastleweiss.fotografie\" \/>\n<meta property=\"article:modified_time\" content=\"2026-03-04T20:06:11+00:00\" \/>\n<meta property=\"og:image\" content=\"https:\/\/miriamcastleweiss.de\/business\/wp-content\/uploads\/2026\/01\/20-01-02-09-20-28-web.jpg\" \/>\n\t<meta property=\"og:image:width\" content=\"1500\" \/>\n\t<meta property=\"og:image:height\" content=\"998\" \/>\n\t<meta property=\"og:image:type\" content=\"image\/jpeg\" \/>\n<meta name=\"twitter:card\" content=\"summary_large_image\" \/>\n<meta name=\"twitter:label1\" content=\"Gesch\u00e4tzte Lesezeit\" \/>\n\t<meta name=\"twitter:data1\" content=\"1\u00a0Minute\" \/>\n<script type=\"application\/ld+json\" class=\"yoast-schema-graph\">{\"@context\":\"https:\\\/\\\/schema.org\",\"@graph\":[{\"@type\":\"WebPage\",\"@id\":\"https:\\\/\\\/miriamcastleweiss.de\\\/business\\\/kontakt\\\/\",\"url\":\"https:\\\/\\\/miriamcastleweiss.de\\\/business\\\/kontakt\\\/\",\"name\":\"Businessfotos Wiesbaden - Miriam Castle-Weiss Fotografie\",\"isPartOf\":{\"@id\":\"https:\\\/\\\/miriamcastleweiss.de\\\/business\\\/#website\"},\"primaryImageOfPage\":{\"@id\":\"https:\\\/\\\/miriamcastleweiss.de\\\/business\\\/kontakt\\\/#primaryimage\"},\"image\":{\"@id\":\"https:\\\/\\\/miriamcastleweiss.de\\\/business\\\/kontakt\\\/#primaryimage\"},\"thumbnailUrl\":\"https:\\\/\\\/miriamcastleweiss.de\\\/business\\\/wp-content\\\/uploads\\\/2026\\\/01\\\/20-01-02-09-20-28-web.jpg\",\"datePublished\":\"2022-01-24T21:46:02+00:00\",\"dateModified\":\"2026-03-04T20:06:11+00:00\",\"description\":\"Fotografin f\u00fcr Businessfotos rund um Wiesbaden, Frankfurt, Oberursel, Taunus und Idstein. Visuelles Storytelling f\u00fcr dein Business.\",\"breadcrumb\":{\"@id\":\"https:\\\/\\\/miriamcastleweiss.de\\\/business\\\/kontakt\\\/#breadcrumb\"},\"inLanguage\":\"de\",\"potentialAction\":[{\"@type\":\"ReadAction\",\"target\":[\"https:\\\/\\\/miriamcastleweiss.de\\\/business\\\/kontakt\\\/\"]}]},{\"@type\":\"ImageObject\",\"inLanguage\":\"de\",\"@id\":\"https:\\\/\\\/miriamcastleweiss.de\\\/business\\\/kontakt\\\/#primaryimage\",\"url\":\"https:\\\/\\\/miriamcastleweiss.de\\\/business\\\/wp-content\\\/uploads\\\/2026\\\/01\\\/20-01-02-09-20-28-web.jpg\",\"contentUrl\":\"https:\\\/\\\/miriamcastleweiss.de\\\/business\\\/wp-content\\\/uploads\\\/2026\\\/01\\\/20-01-02-09-20-28-web.jpg\",\"width\":1500,\"height\":998},{\"@type\":\"BreadcrumbList\",\"@id\":\"https:\\\/\\\/miriamcastleweiss.de\\\/business\\\/kontakt\\\/#breadcrumb\",\"itemListElement\":[{\"@type\":\"ListItem\",\"position\":1,\"name\":\"Startseite\",\"item\":\"https:\\\/\\\/miriamcastleweiss.de\\\/business\\\/\"},{\"@type\":\"ListItem\",\"position\":2,\"name\":\"Kontakt\"}]},{\"@type\":\"WebSite\",\"@id\":\"https:\\\/\\\/miriamcastleweiss.de\\\/business\\\/#website\",\"url\":\"https:\\\/\\\/miriamcastleweiss.de\\\/business\\\/\",\"name\":\"Businessfotografie Wiesbaden\",\"description\":\"Businessbilder mit Geschichte\",\"publisher\":{\"@id\":\"https:\\\/\\\/miriamcastleweiss.de\\\/business\\\/#\\\/schema\\\/person\\\/d01a7d24adce76fe0deb0b88233ce758\"},\"potentialAction\":[{\"@type\":\"SearchAction\",\"target\":{\"@type\":\"EntryPoint\",\"urlTemplate\":\"https:\\\/\\\/miriamcastleweiss.de\\\/business\\\/?s={search_term_string}\"},\"query-input\":{\"@type\":\"PropertyValueSpecification\",\"valueRequired\":true,\"valueName\":\"search_term_string\"}}],\"inLanguage\":\"de\"},{\"@type\":[\"Person\",\"Organization\"],\"@id\":\"https:\\\/\\\/miriamcastleweiss.de\\\/business\\\/#\\\/schema\\\/person\\\/d01a7d24adce76fe0deb0b88233ce758\",\"name\":\"Miriam\",\"image\":{\"@type\":\"ImageObject\",\"inLanguage\":\"de\",\"@id\":\"https:\\\/\\\/miriamcastleweiss.de\\\/business\\\/wp-content\\\/uploads\\\/2021\\\/10\\\/MCW_Logodesign_RGB_Hochformat-scaled.jpg\",\"url\":\"https:\\\/\\\/miriamcastleweiss.de\\\/business\\\/wp-content\\\/uploads\\\/2021\\\/10\\\/MCW_Logodesign_RGB_Hochformat-scaled.jpg\",\"contentUrl\":\"https:\\\/\\\/miriamcastleweiss.de\\\/business\\\/wp-content\\\/uploads\\\/2021\\\/10\\\/MCW_Logodesign_RGB_Hochformat-scaled.jpg\",\"width\":2560,\"height\":1654,\"caption\":\"Miriam\"},\"logo\":{\"@id\":\"https:\\\/\\\/miriamcastleweiss.de\\\/business\\\/wp-content\\\/uploads\\\/2021\\\/10\\\/MCW_Logodesign_RGB_Hochformat-scaled.jpg\"},\"sameAs\":[\"https:\\\/\\\/miriamcastleweiss.de\\\/business\",\"https:\\\/\\\/www.facebook.com\\\/miriamcastleweiss.fotografie\",\"https:\\\/\\\/www.instagram.com\\\/miriamcastleweiss.fotografie\",\"https:\\\/\\\/www.linkedin.com\\\/in\\\/miriam-castle-weiss-568b9b214\\\/\"]}]}<\/script>\n<!-- \/ Yoast SEO plugin. -->","yoast_head_json":{"title":"Businessfotos Wiesbaden - Miriam Castle-Weiss Fotografie","description":"Fotografin f\u00fcr Businessfotos rund um Wiesbaden, Frankfurt, Oberursel, Taunus und Idstein. Visuelles Storytelling f\u00fcr dein Business.","robots":{"index":"noindex","follow":"nofollow"},"og_locale":"de_DE","og_type":"article","og_title":"Businessfotos Wiesbaden - Miriam Castle-Weiss Fotografie","og_description":"Fotografin f\u00fcr Businessfotos rund um Wiesbaden, Frankfurt, Oberursel, Taunus und Idstein. Visuelles Storytelling f\u00fcr dein Business.","og_url":"https:\/\/miriamcastleweiss.de\/business\/kontakt\/","og_site_name":"Businessfotografie Wiesbaden","article_publisher":"https:\/\/www.facebook.com\/miriamcastleweiss.fotografie","article_modified_time":"2026-03-04T20:06:11+00:00","og_image":[{"width":1500,"height":998,"url":"https:\/\/miriamcastleweiss.de\/business\/wp-content\/uploads\/2026\/01\/20-01-02-09-20-28-web.jpg","type":"image\/jpeg"}],"twitter_card":"summary_large_image","twitter_misc":{"Gesch\u00e4tzte Lesezeit":"1\u00a0Minute"},"schema":{"@context":"https:\/\/schema.org","@graph":[{"@type":"WebPage","@id":"https:\/\/miriamcastleweiss.de\/business\/kontakt\/","url":"https:\/\/miriamcastleweiss.de\/business\/kontakt\/","name":"Businessfotos Wiesbaden - Miriam Castle-Weiss Fotografie","isPartOf":{"@id":"https:\/\/miriamcastleweiss.de\/business\/#website"},"primaryImageOfPage":{"@id":"https:\/\/miriamcastleweiss.de\/business\/kontakt\/#primaryimage"},"image":{"@id":"https:\/\/miriamcastleweiss.de\/business\/kontakt\/#primaryimage"},"thumbnailUrl":"https:\/\/miriamcastleweiss.de\/business\/wp-content\/uploads\/2026\/01\/20-01-02-09-20-28-web.jpg","datePublished":"2022-01-24T21:46:02+00:00","dateModified":"2026-03-04T20:06:11+00:00","description":"Fotografin f\u00fcr Businessfotos rund um Wiesbaden, Frankfurt, Oberursel, Taunus und Idstein. Visuelles Storytelling f\u00fcr dein Business.","breadcrumb":{"@id":"https:\/\/miriamcastleweiss.de\/business\/kontakt\/#breadcrumb"},"inLanguage":"de","potentialAction":[{"@type":"ReadAction","target":["https:\/\/miriamcastleweiss.de\/business\/kontakt\/"]}]},{"@type":"ImageObject","inLanguage":"de","@id":"https:\/\/miriamcastleweiss.de\/business\/kontakt\/#primaryimage","url":"https:\/\/miriamcastleweiss.de\/business\/wp-content\/uploads\/2026\/01\/20-01-02-09-20-28-web.jpg","contentUrl":"https:\/\/miriamcastleweiss.de\/business\/wp-content\/uploads\/2026\/01\/20-01-02-09-20-28-web.jpg","width":1500,"height":998},{"@type":"BreadcrumbList","@id":"https:\/\/miriamcastleweiss.de\/business\/kontakt\/#breadcrumb","itemListElement":[{"@type":"ListItem","position":1,"name":"Startseite","item":"https:\/\/miriamcastleweiss.de\/business\/"},{"@type":"ListItem","position":2,"name":"Kontakt"}]},{"@type":"WebSite","@id":"https:\/\/miriamcastleweiss.de\/business\/#website","url":"https:\/\/miriamcastleweiss.de\/business\/","name":"Businessfotografie Wiesbaden","description":"Businessbilder mit Geschichte","publisher":{"@id":"https:\/\/miriamcastleweiss.de\/business\/#\/schema\/person\/d01a7d24adce76fe0deb0b88233ce758"},"potentialAction":[{"@type":"SearchAction","target":{"@type":"EntryPoint","urlTemplate":"https:\/\/miriamcastleweiss.de\/business\/?s={search_term_string}"},"query-input":{"@type":"PropertyValueSpecification","valueRequired":true,"valueName":"search_term_string"}}],"inLanguage":"de"},{"@type":["Person","Organization"],"@id":"https:\/\/miriamcastleweiss.de\/business\/#\/schema\/person\/d01a7d24adce76fe0deb0b88233ce758","name":"Miriam","image":{"@type":"ImageObject","inLanguage":"de","@id":"https:\/\/miriamcastleweiss.de\/business\/wp-content\/uploads\/2021\/10\/MCW_Logodesign_RGB_Hochformat-scaled.jpg","url":"https:\/\/miriamcastleweiss.de\/business\/wp-content\/uploads\/2021\/10\/MCW_Logodesign_RGB_Hochformat-scaled.jpg","contentUrl":"https:\/\/miriamcastleweiss.de\/business\/wp-content\/uploads\/2021\/10\/MCW_Logodesign_RGB_Hochformat-scaled.jpg","width":2560,"height":1654,"caption":"Miriam"},"logo":{"@id":"https:\/\/miriamcastleweiss.de\/business\/wp-content\/uploads\/2021\/10\/MCW_Logodesign_RGB_Hochformat-scaled.jpg"},"sameAs":["https:\/\/miriamcastleweiss.de\/business","https:\/\/www.facebook.com\/miriamcastleweiss.fotografie","https:\/\/www.instagram.com\/miriamcastleweiss.fotografie","https:\/\/www.linkedin.com\/in\/miriam-castle-weiss-568b9b214\/"]}]}},"_links":{"self":[{"href":"https:\/\/miriamcastleweiss.de\/business\/wp-json\/wp\/v2\/pages\/939","targetHints":{"allow":["GET"]}}],"collection":[{"href":"https:\/\/miriamcastleweiss.de\/business\/wp-json\/wp\/v2\/pages"}],"about":[{"href":"https:\/\/miriamcastleweiss.de\/business\/wp-json\/wp\/v2\/types\/page"}],"author":[{"embeddable":true,"href":"https:\/\/miriamcastleweiss.de\/business\/wp-json\/wp\/v2\/users\/1"}],"replies":[{"embeddable":true,"href":"https:\/\/miriamcastleweiss.de\/business\/wp-json\/wp\/v2\/comments?post=939"}],"version-history":[{"count":88,"href":"https:\/\/miriamcastleweiss.de\/business\/wp-json\/wp\/v2\/pages\/939\/revisions"}],"predecessor-version":[{"id":3447,"href":"https:\/\/miriamcastleweiss.de\/business\/wp-json\/wp\/v2\/pages\/939\/revisions\/3447"}],"wp:attachment":[{"href":"https:\/\/miriamcastleweiss.de\/business\/wp-json\/wp\/v2\/media?parent=939"}],"curies":[{"name":"wp","href":"https:\/\/api.w.org\/{rel}","templated":true}]}}