{"id":3199,"date":"2016-04-03T21:27:05","date_gmt":"2016-04-03T19:27:05","guid":{"rendered":"https:\/\/miriamcastleweiss.de\/familie\/?page_id=3199"},"modified":"2026-02-08T16:47:59","modified_gmt":"2026-02-08T15:47:59","slug":"datenschutz","status":"publish","type":"page","link":"https:\/\/miriamcastleweiss.de\/familie\/datenschutz\/","title":{"rendered":"Datenschutz"},"content":{"rendered":"<p><strong>Datenschutz<\/strong><\/p>\n<p>Diese Datenschutzerkl\u00e4rung kl\u00e4rt Nutzer \u00fcber die Art, den Umfang und Zwecke der Erhebung und Verwendung personenbezogener Daten durch den verantwortlichen Anbieter one-glimpse Fotografie auf dieser Website auf.<\/p>\n<p>Die Betreiber dieser Seiten nehmen den Schutz Ihrer pers\u00f6nlichen Daten sehr ernst. Wir behandeln Ihre personenbezogenen Daten vertraulich und entsprechend der gesetzlichen Datenschutzvorschriften sowie dieser Datenschutzerkl\u00e4rung.<\/p>\n<p>Die Nutzung unserer Webseite ist ohne Angabe personenbezogener Daten m\u00f6glich. Soweit auf unseren Seiten personenbezogene Daten (beispielsweise Name, Anschrift oder E-Mail-Adressen) erhoben werden, erfolgt dies, soweit m\u00f6glich, stets auf freiwilliger Basis. Diese Daten werden ohne Ihre ausdr\u00fcckliche Zustimmung nicht an Dritte weitergegeben.<\/p>\n<p>Wir weisen darauf hin, dass die Daten\u00fcbertragung im Internet (z.B. bei der Kommunikation per E-Mail) Sicherheitsl\u00fccken aufweisen kann. Ein l\u00fcckenloser Schutz der Daten vor dem Zugriff durch Dritte ist nicht m\u00f6glich.<\/p>\n<p><strong>Auskunft, L\u00f6schung, Sperrung<\/strong><\/p>\n<p>Sie haben jederzeit das Recht auf unentgeltliche Auskunft \u00fcber Ihre gespeicherten personenbezogenen Daten, deren Herkunft und Empf\u00e4nger und den Zweck der Datenverarbeitung sowie ein Recht auf Berichtigung, Sperrung oder L\u00f6schung dieser Daten. Hierzu sowie zu weiteren Fragen zum Thema personenbezogene Daten k\u00f6nnen Sie sich jederzeit unter der im Impressum angegebenen Adresse an uns wenden.<\/p>\n<p><strong>Cookies<\/strong><\/p>\n<p>Die Internetseiten verwenden teilweise so genannte Cookies. Cookies richten auf Ihrem Rechner keinen Schaden an und enthalten keine Viren. Cookies dienen dazu, unser Angebot nutzerfreundlicher, effektiver und sicherer zu machen. Cookies sind kleine Textdateien, die auf Ihrem Rechner abgelegt werden und die Ihr Browser speichert.<\/p>\n<p>Die meisten der von uns verwendeten Cookies sind so genannte Session-Cookies. Sie werden nach Ende Ihres Besuchs automatisch gel\u00f6scht. Andere Cookies bleiben auf Ihrem Endger\u00e4t gespeichert, bis Sie diese l\u00f6schen. Diese Cookies erm\u00f6glichen es uns, Ihren Browser beim n\u00e4chsten Besuch wiederzuerkennen.<\/p>\n<p>Sie k\u00e4nnen Ihren Browser so einstellen, dass Sie \u00fcber das Setzen von Cookies informiert werden und Cookies nur im Einzelfall erlauben, die Annahme von Cookies f\u00fcr bestimmte F\u00e4lle oder generell ausschlie\u00dfen sowie das automatische L\u00f6schen der Cookies beim Schlie\u00dfen des Browser aktivieren. Bei der Deaktivierung von Cookies kann die Funktionalit\u00e4t dieser Website eingeschr\u00e4nkt sein.<\/p>\n<p><strong>Kontaktaufnahme<\/strong><\/p>\n<p>Bei der Kontaktaufnahme mit dem Anbieter (zum Beispiel E-Mail) werden die Angaben des Nutzers zwecks Bearbeitung der Anfrage sowie f\u00fcr den Fall, dass Anschlussfragen entstehen, gespeichert.<\/p>\n<p><strong>Server-Log-Files<\/strong><\/p>\n<p>Der Provider der Seiten erhebt und speichert automatisch Informationen in so genannten Server-Log Files, die Ihr Browser automatisch an uns \u00fcbermittelt. Dies sind:<\/p>\n<ul>\n<li>Browsertyp\/ Browserversion<\/li>\n<li>verwendetes Betriebssystem<\/li>\n<li>Referrer URL<\/li>\n<li>Hostname des zugreifenden Rechners<\/li>\n<li>Uhrzeit der Serveranfrage<\/li>\n<\/ul>\n<p>Diese Daten sind nicht bestimmten Personen zuordenbar. Eine Zusammenf\u00fchrung dieser Daten mit anderen Datenquellen wird nicht vorgenommen. Wir behalten uns vor, diese Daten nachtr\u00e4glich zu pr\u00fcfen, wenn uns konkrete Anhaltspunkte f\u00fcr eine rechtswidrige Nutzung bekannt werden.<\/p>\n<p><strong>Widerspruch Werbe-Mails<\/strong><\/p>\n<p>Der Nutzung von im Rahmen der Impressumspflicht ver\u00f6ffentlichten Kontaktdaten zur \u00dcbersendung von nicht ausdr\u00fccklich angeforderter Werbung und Informationsmaterialien wird hiermit widersprochen. Die Betreiber der Seiten behalten sich ausdr\u00fccklich rechtliche Schritte im Falle der unverlangten Zusendung von Werbeinformationen, etwa durch Spam-E-Mails, vor.<\/p>\n<p><strong>Einbindung von Diensten und Inhalten Dritter<\/strong><br \/>\nEs kann vorkommen, dass innerhalb dieses Onlineangebotes Inhalte Dritter, wie zum Beispiel Kartenmaterial von Google-Maps, RSS-Feeds oder Grafiken von anderen Webseiten eingebunden werden. Dies setzt immer voraus, dass die Anbieter dieser Inhalte (nachfolgend bezeichnet als &#8222;Dritt-Anbieter&#8220;) die IP-Adresse der Nutzer wahr nehmen. Denn ohne die IP-Adresse, k\u00f6nnten sie die Inhalte nicht an den Browser des jeweiligen Nutzers senden. Die IP-Adresse ist damit f\u00fcr die Darstellung dieser Inhalte erforderlich. Wir bem\u00fchen uns nur solche Inhalte zu verwenden, deren jeweilige Anbieter die IP-Adresse lediglich zur Auslieferung der Inhalte verwenden. Jedoch haben wir keinen Einfluss darauf, falls die Dritt-Anbieter die IP-Adresse z.B. f\u00fcr statistische Zwecke speichern. Soweit dies uns bekannt ist, kl\u00e4ren wir die Nutzer dar\u00fcber auf.<\/p>\n<p><strong>Datenschutzerkl\u00e4rung f\u00fcr die Nutzung von Google Analytics<\/strong><\/p>\n<p>Diese Website nutzt Funktionen des Webanalysedienstes Google Analytics. Anbieter ist die Google Inc. 1600 Amphitheatre Parkway Mountain View, CA 94043, USA. Google Analytics verwendet sog. Cookies. Das sind Textdateien, die auf Ihrem Computer gespeichert werden und die eine Analyse der Benutzung der Website durch Sie erm\u00f6glichen. Die durch den Cookie erzeugten Informationen \u00fcber Ihre Benutzung dieser Website werden in der Regel an einen Server von Google in den USA \u00fcbertragen und dort gespeichert.<\/p>\n<p>Im Falle der Aktivierung der IP-Anonymisierung auf dieser Webseite wird Ihre IP-Adresse von Google jedoch innerhalb von Mitgliedstaaten der Europ\u00e4ischen Union oder in anderen Vertragsstaaten des Abkommens \u00fcber den Europ\u00e4ischen Wirtschaftsraum zuvor gek\u00fcrzt. Nur in Ausnahmef\u00e4llen wird die volle IP-Adresse an einen Server von Google in den USA \u00fcbertragen und dort gek\u00fcrzt. Im Auftrag des Betreibers dieser Website wird Google diese Informationen benutzen, um Ihre Nutzung der Website auszuwerten, um Reports \u00fcber die Websiteaktivit\u00e4ten zusammenzustellen und um weitere mit der Websitenutzung und der Internetnutzung verbundene Dienstleistungen gegen\u00fcber dem Websitebetreiber zu erbringen. Die im Rahmen von Google Analytics von Ihrem Browser \u00fcbermittelte IP-Adresse wird nicht mit anderen Daten von Google zusammengef\u00fchrt.<\/p>\n<p>Sie k\u00f6nnen die Speicherung der Cookies durch eine entsprechende Einstellung Ihrer Browser-Software verhindern; wir weisen Sie jedoch darauf hin, dass Sie in diesem Fall gegebenenfalls nicht s\u00e4mtliche Funktionen dieser Website vollumf\u00e4nglich werden nutzen k\u00f6nnen. Sie k\u00f6nnen dar\u00fcber hinaus die Erfassung der durch das Cookie erzeugten und auf Ihre Nutzung der Website bezogenen Daten (inkl. Ihrer IP-Adresse) an Google sowie die Verarbeitung dieser Daten durch Google verhindern, indem sie das unter dem folgenden Link verf\u00fcgbare Browser-Plugin herunterladen und installieren: http:\/\/tools.google.com\/dlpage\/gaoptout?hl=de<\/p>\n","protected":false},"excerpt":{"rendered":"<p>Datenschutz Diese Datenschutzerkl\u00e4rung kl\u00e4rt Nutzer \u00fcber die Art, den Umfang und Zwecke der Erhebung und Verwendung personenbezogener Daten durch den verantwortlichen Anbieter one-glimpse Fotografie auf dieser Website auf. Die Betreiber dieser Seiten nehmen den Schutz Ihrer pers\u00f6nlichen Daten sehr ernst. Wir behandeln Ihre personenbezogenen Daten vertraulich und entsprechend der gesetzlichen Datenschutzvorschriften sowie dieser Datenschutzerkl\u00e4rung. Die [&hellip;]<\/p>\n","protected":false},"author":1,"featured_media":0,"parent":0,"menu_order":0,"comment_status":"closed","ping_status":"closed","template":"","meta":{"footnotes":""},"class_list":["post-3199","page","type-page","status-publish","hentry"],"yoast_head":"<!-- This site is optimized with the Yoast SEO plugin v27.4 - https:\/\/yoast.com\/product\/yoast-seo-wordpress\/ -->\n<title>Datenschutz - Miriam Castle-Weiss Fotografie<\/title>\n<meta name=\"robots\" content=\"index, nofollow, max-snippet:-1, max-image-preview:large, max-video-preview:-1\" \/>\n<link rel=\"canonical\" href=\"https:\/\/miriamcastleweiss.de\/familie\/datenschutz\/\" \/>\n<meta property=\"og:locale\" content=\"de_DE\" \/>\n<meta property=\"og:type\" content=\"article\" \/>\n<meta property=\"og:title\" content=\"Datenschutz - Miriam Castle-Weiss Fotografie\" \/>\n<meta property=\"og:description\" content=\"Datenschutz Diese Datenschutzerkl\u00e4rung kl\u00e4rt Nutzer \u00fcber die Art, den Umfang und Zwecke der Erhebung und Verwendung personenbezogener Daten durch den verantwortlichen Anbieter one-glimpse Fotografie auf dieser Website auf. Die Betreiber dieser Seiten nehmen den Schutz Ihrer pers\u00f6nlichen Daten sehr ernst. Wir behandeln Ihre personenbezogenen Daten vertraulich und entsprechend der gesetzlichen Datenschutzvorschriften sowie dieser Datenschutzerkl\u00e4rung. Die [&hellip;]\" \/>\n<meta property=\"og:url\" content=\"https:\/\/miriamcastleweiss.de\/familie\/datenschutz\/\" \/>\n<meta property=\"og:site_name\" content=\"Miriam Castle-Weiss Fotografie\" \/>\n<meta property=\"article:modified_time\" content=\"2026-02-08T15:47:59+00:00\" \/>\n<meta name=\"twitter:card\" content=\"summary_large_image\" \/>\n<meta name=\"twitter:label1\" content=\"Gesch\u00e4tzte Lesezeit\" \/>\n\t<meta name=\"twitter:data1\" content=\"5\u00a0Minuten\" \/>\n<script type=\"application\/ld+json\" class=\"yoast-schema-graph\">{\"@context\":\"https:\\\/\\\/schema.org\",\"@graph\":[{\"@type\":\"WebPage\",\"@id\":\"https:\\\/\\\/miriamcastleweiss.de\\\/familie\\\/datenschutz\\\/\",\"url\":\"https:\\\/\\\/miriamcastleweiss.de\\\/familie\\\/datenschutz\\\/\",\"name\":\"Datenschutz - Miriam Castle-Weiss Fotografie\",\"isPartOf\":{\"@id\":\"https:\\\/\\\/miriamcastleweiss.de\\\/familie\\\/#website\"},\"datePublished\":\"2016-04-03T19:27:05+00:00\",\"dateModified\":\"2026-02-08T15:47:59+00:00\",\"breadcrumb\":{\"@id\":\"https:\\\/\\\/miriamcastleweiss.de\\\/familie\\\/datenschutz\\\/#breadcrumb\"},\"inLanguage\":\"de\",\"potentialAction\":[{\"@type\":\"ReadAction\",\"target\":[\"https:\\\/\\\/miriamcastleweiss.de\\\/familie\\\/datenschutz\\\/\"]}]},{\"@type\":\"BreadcrumbList\",\"@id\":\"https:\\\/\\\/miriamcastleweiss.de\\\/familie\\\/datenschutz\\\/#breadcrumb\",\"itemListElement\":[{\"@type\":\"ListItem\",\"position\":1,\"name\":\"Startseite\",\"item\":\"https:\\\/\\\/miriamcastleweiss.de\\\/familie\\\/\"},{\"@type\":\"ListItem\",\"position\":2,\"name\":\"Datenschutz\"}]},{\"@type\":\"WebSite\",\"@id\":\"https:\\\/\\\/miriamcastleweiss.de\\\/familie\\\/#website\",\"url\":\"https:\\\/\\\/miriamcastleweiss.de\\\/familie\\\/\",\"name\":\"Miriam Castle-Weiss Fotografie\",\"description\":\"Familienfotografie\",\"publisher\":{\"@id\":\"https:\\\/\\\/miriamcastleweiss.de\\\/familie\\\/#\\\/schema\\\/person\\\/1a96c3366ba9e3eeeca680ac057e4e98\"},\"potentialAction\":[{\"@type\":\"SearchAction\",\"target\":{\"@type\":\"EntryPoint\",\"urlTemplate\":\"https:\\\/\\\/miriamcastleweiss.de\\\/familie\\\/?s={search_term_string}\"},\"query-input\":{\"@type\":\"PropertyValueSpecification\",\"valueRequired\":true,\"valueName\":\"search_term_string\"}}],\"inLanguage\":\"de\"},{\"@type\":[\"Person\",\"Organization\"],\"@id\":\"https:\\\/\\\/miriamcastleweiss.de\\\/familie\\\/#\\\/schema\\\/person\\\/1a96c3366ba9e3eeeca680ac057e4e98\",\"name\":\"Miriam Castle-Weiss\",\"image\":{\"@type\":\"ImageObject\",\"inLanguage\":\"de\",\"@id\":\"https:\\\/\\\/miriamcastleweiss.de\\\/familie\\\/wp-content\\\/uploads\\\/2026\\\/02\\\/MCW_Logodesign_RGB_Hochformat-scaled.jpg\",\"url\":\"https:\\\/\\\/miriamcastleweiss.de\\\/familie\\\/wp-content\\\/uploads\\\/2026\\\/02\\\/MCW_Logodesign_RGB_Hochformat-scaled.jpg\",\"contentUrl\":\"https:\\\/\\\/miriamcastleweiss.de\\\/familie\\\/wp-content\\\/uploads\\\/2026\\\/02\\\/MCW_Logodesign_RGB_Hochformat-scaled.jpg\",\"width\":2560,\"height\":1654,\"caption\":\"Miriam Castle-Weiss\"},\"logo\":{\"@id\":\"https:\\\/\\\/miriamcastleweiss.de\\\/familie\\\/wp-content\\\/uploads\\\/2026\\\/02\\\/MCW_Logodesign_RGB_Hochformat-scaled.jpg\"}}]}<\/script>\n<!-- \/ Yoast SEO plugin. -->","yoast_head_json":{"title":"Datenschutz - Miriam Castle-Weiss Fotografie","robots":{"index":"index","follow":"nofollow","max-snippet":"max-snippet:-1","max-image-preview":"max-image-preview:large","max-video-preview":"max-video-preview:-1"},"canonical":"https:\/\/miriamcastleweiss.de\/familie\/datenschutz\/","og_locale":"de_DE","og_type":"article","og_title":"Datenschutz - Miriam Castle-Weiss Fotografie","og_description":"Datenschutz Diese Datenschutzerkl\u00e4rung kl\u00e4rt Nutzer \u00fcber die Art, den Umfang und Zwecke der Erhebung und Verwendung personenbezogener Daten durch den verantwortlichen Anbieter one-glimpse Fotografie auf dieser Website auf. Die Betreiber dieser Seiten nehmen den Schutz Ihrer pers\u00f6nlichen Daten sehr ernst. Wir behandeln Ihre personenbezogenen Daten vertraulich und entsprechend der gesetzlichen Datenschutzvorschriften sowie dieser Datenschutzerkl\u00e4rung. Die [&hellip;]","og_url":"https:\/\/miriamcastleweiss.de\/familie\/datenschutz\/","og_site_name":"Miriam Castle-Weiss Fotografie","article_modified_time":"2026-02-08T15:47:59+00:00","twitter_card":"summary_large_image","twitter_misc":{"Gesch\u00e4tzte Lesezeit":"5\u00a0Minuten"},"schema":{"@context":"https:\/\/schema.org","@graph":[{"@type":"WebPage","@id":"https:\/\/miriamcastleweiss.de\/familie\/datenschutz\/","url":"https:\/\/miriamcastleweiss.de\/familie\/datenschutz\/","name":"Datenschutz - Miriam Castle-Weiss Fotografie","isPartOf":{"@id":"https:\/\/miriamcastleweiss.de\/familie\/#website"},"datePublished":"2016-04-03T19:27:05+00:00","dateModified":"2026-02-08T15:47:59+00:00","breadcrumb":{"@id":"https:\/\/miriamcastleweiss.de\/familie\/datenschutz\/#breadcrumb"},"inLanguage":"de","potentialAction":[{"@type":"ReadAction","target":["https:\/\/miriamcastleweiss.de\/familie\/datenschutz\/"]}]},{"@type":"BreadcrumbList","@id":"https:\/\/miriamcastleweiss.de\/familie\/datenschutz\/#breadcrumb","itemListElement":[{"@type":"ListItem","position":1,"name":"Startseite","item":"https:\/\/miriamcastleweiss.de\/familie\/"},{"@type":"ListItem","position":2,"name":"Datenschutz"}]},{"@type":"WebSite","@id":"https:\/\/miriamcastleweiss.de\/familie\/#website","url":"https:\/\/miriamcastleweiss.de\/familie\/","name":"Miriam Castle-Weiss Fotografie","description":"Familienfotografie","publisher":{"@id":"https:\/\/miriamcastleweiss.de\/familie\/#\/schema\/person\/1a96c3366ba9e3eeeca680ac057e4e98"},"potentialAction":[{"@type":"SearchAction","target":{"@type":"EntryPoint","urlTemplate":"https:\/\/miriamcastleweiss.de\/familie\/?s={search_term_string}"},"query-input":{"@type":"PropertyValueSpecification","valueRequired":true,"valueName":"search_term_string"}}],"inLanguage":"de"},{"@type":["Person","Organization"],"@id":"https:\/\/miriamcastleweiss.de\/familie\/#\/schema\/person\/1a96c3366ba9e3eeeca680ac057e4e98","name":"Miriam Castle-Weiss","image":{"@type":"ImageObject","inLanguage":"de","@id":"https:\/\/miriamcastleweiss.de\/familie\/wp-content\/uploads\/2026\/02\/MCW_Logodesign_RGB_Hochformat-scaled.jpg","url":"https:\/\/miriamcastleweiss.de\/familie\/wp-content\/uploads\/2026\/02\/MCW_Logodesign_RGB_Hochformat-scaled.jpg","contentUrl":"https:\/\/miriamcastleweiss.de\/familie\/wp-content\/uploads\/2026\/02\/MCW_Logodesign_RGB_Hochformat-scaled.jpg","width":2560,"height":1654,"caption":"Miriam Castle-Weiss"},"logo":{"@id":"https:\/\/miriamcastleweiss.de\/familie\/wp-content\/uploads\/2026\/02\/MCW_Logodesign_RGB_Hochformat-scaled.jpg"}}]}},"_links":{"self":[{"href":"https:\/\/miriamcastleweiss.de\/familie\/wp-json\/wp\/v2\/pages\/3199","targetHints":{"allow":["GET"]}}],"collection":[{"href":"https:\/\/miriamcastleweiss.de\/familie\/wp-json\/wp\/v2\/pages"}],"about":[{"href":"https:\/\/miriamcastleweiss.de\/familie\/wp-json\/wp\/v2\/types\/page"}],"author":[{"embeddable":true,"href":"https:\/\/miriamcastleweiss.de\/familie\/wp-json\/wp\/v2\/users\/1"}],"replies":[{"embeddable":true,"href":"https:\/\/miriamcastleweiss.de\/familie\/wp-json\/wp\/v2\/comments?post=3199"}],"version-history":[{"count":1,"href":"https:\/\/miriamcastleweiss.de\/familie\/wp-json\/wp\/v2\/pages\/3199\/revisions"}],"predecessor-version":[{"id":3200,"href":"https:\/\/miriamcastleweiss.de\/familie\/wp-json\/wp\/v2\/pages\/3199\/revisions\/3200"}],"wp:attachment":[{"href":"https:\/\/miriamcastleweiss.de\/familie\/wp-json\/wp\/v2\/media?parent=3199"}],"curies":[{"name":"wp","href":"https:\/\/api.w.org\/{rel}","templated":true}]}}