{"id":502,"date":"2018-02-04T13:12:31","date_gmt":"2018-02-04T12:12:31","guid":{"rendered":"https:\/\/miriamcastleweiss.de\/familie\/?page_id=502"},"modified":"2023-03-08T22:09:37","modified_gmt":"2023-03-08T21:09:37","slug":"fotograf-eppstein","status":"publish","type":"page","link":"https:\/\/miriamcastleweiss.de\/familie\/fotograf-eppstein\/","title":{"rendered":"Fotografin"},"content":{"rendered":"\t\t<div data-elementor-type=\"wp-page\" data-elementor-id=\"502\" class=\"elementor elementor-502\" data-elementor-post-type=\"page\">\n\t\t\t\t\t\t<section class=\"elementor-section elementor-top-section elementor-element elementor-element-5176ba1 elementor-section-boxed elementor-section-height-default elementor-section-height-default\" data-id=\"5176ba1\" data-element_type=\"section\" data-e-type=\"section\">\n\t\t\t\t\t\t<div class=\"elementor-container elementor-column-gap-default\">\n\t\t\t\t\t<div class=\"elementor-column elementor-col-100 elementor-top-column elementor-element elementor-element-15e27d8\" data-id=\"15e27d8\" data-element_type=\"column\" data-e-type=\"column\">\n\t\t\t<div class=\"elementor-widget-wrap elementor-element-populated\">\n\t\t\t\t\t\t<div class=\"elementor-element elementor-element-06e017f elementor-widget elementor-widget-heading\" data-id=\"06e017f\" data-element_type=\"widget\" data-e-type=\"widget\" data-widget_type=\"heading.default\">\n\t\t\t\t<div class=\"elementor-widget-container\">\n\t\t\t\t\t<h1 class=\"elementor-heading-title elementor-size-default\">Familienfotos Wiesbaden<\/h1>\t\t\t\t<\/div>\n\t\t\t\t<\/div>\n\t\t\t\t<div class=\"elementor-element elementor-element-f86c488 elementor-widget elementor-widget-heading\" data-id=\"f86c488\" data-element_type=\"widget\" data-e-type=\"widget\" data-widget_type=\"heading.default\">\n\t\t\t\t<div class=\"elementor-widget-container\">\n\t\t\t\t\t<h2 class=\"elementor-heading-title elementor-size-default\">Miriam Castle-Weiss \u2013 <br>Familienfotografie in Wiesbaden und Hessen<\/h2>\t\t\t\t<\/div>\n\t\t\t\t<\/div>\n\t\t\t\t\t<\/div>\n\t\t<\/div>\n\t\t\t\t\t<\/div>\n\t\t<\/section>\n\t\t\t\t<section class=\"elementor-section elementor-top-section elementor-element elementor-element-2768626 elementor-section-boxed elementor-section-height-default elementor-section-height-default\" data-id=\"2768626\" data-element_type=\"section\" data-e-type=\"section\">\n\t\t\t\t\t\t<div class=\"elementor-container elementor-column-gap-default\">\n\t\t\t\t\t<div class=\"elementor-column elementor-col-100 elementor-top-column elementor-element elementor-element-b5e2137\" data-id=\"b5e2137\" data-element_type=\"column\" data-e-type=\"column\">\n\t\t\t<div class=\"elementor-widget-wrap elementor-element-populated\">\n\t\t\t\t\t\t<div class=\"elementor-element elementor-element-328a19f elementor-widget elementor-widget-text-editor\" data-id=\"328a19f\" data-element_type=\"widget\" data-e-type=\"widget\" data-widget_type=\"text-editor.default\">\n\t\t\t\t<div class=\"elementor-widget-container\">\n\t\t\t\t\t\t\t\t\t<div class=\"page\" title=\"Page 11\"><div class=\"layoutArea\"><div class=\"column\"><p style=\"font-weight: 400;\">Ich bin <strong>Miriam<\/strong> und als <strong>Familienfotografin<\/strong> m\u00f6chte ich mit meinen Fotos eine Geschichte erz\u00e4hlen. Eure Geschichte. Echt und lebendig.\u00a0Seit 2015 bin ich mit ganzem Herzen Fotografin und lichte \u201emeine\u201c Familien am liebsten in entspannter Atmosph\u00e4re in ihrem eigenen Zuhause oder in der Natur ab.<\/p><p style=\"font-weight: 400;\">Ich bin selbst ein absoluter Familienmensch und wei\u00df aus eigener Erfahrung: Zeit l\u00e4sst sich nicht zur\u00fcckdrehen. Aber Fotos schaffen es, dass unsere Erinnerungen nicht verblassen.<\/p><p style=\"font-weight: 400;\">Mit meiner Familie und unserer Greyhoundhu\u0308ndin Leyla lebe ich in Eppstein. Eppstein liegt im wundersch\u00f6nen <strong>Taunus<\/strong>, zentral zwischen <strong>Wiesbaden<\/strong> und <strong>Frankfurt am Main<\/strong>, so dass ich als Familienfotografin haupts\u00e4chlich im <strong>Rhein-Main-Gebiet<\/strong> unterwegs bin.<\/p><p style=\"font-weight: 400;\">In meiner Foto-Scheune finden meistens die Gespr\u00e4che vor den Fotoshootings und die Bilderauswahl danach statt.\u00a0<\/p><\/div><\/div><\/div>\t\t\t\t\t\t\t\t<\/div>\n\t\t\t\t<\/div>\n\t\t\t\t\t<\/div>\n\t\t<\/div>\n\t\t\t\t\t<\/div>\n\t\t<\/section>\n\t\t\t\t<section class=\"elementor-section elementor-top-section elementor-element elementor-element-a31ba40 elementor-section-boxed elementor-section-height-default elementor-section-height-default\" data-id=\"a31ba40\" data-element_type=\"section\" data-e-type=\"section\">\n\t\t\t\t\t\t<div class=\"elementor-container elementor-column-gap-default\">\n\t\t\t\t\t<div class=\"elementor-column elementor-col-100 elementor-top-column elementor-element elementor-element-2c89330\" data-id=\"2c89330\" data-element_type=\"column\" data-e-type=\"column\">\n\t\t\t<div class=\"elementor-widget-wrap elementor-element-populated\">\n\t\t\t\t\t\t<div class=\"elementor-element elementor-element-16def57 elementor-widget elementor-widget-image\" data-id=\"16def57\" data-element_type=\"widget\" data-e-type=\"widget\" data-widget_type=\"image.default\">\n\t\t\t\t<div class=\"elementor-widget-container\">\n\t\t\t\t\t\t\t\t\t\t\t\t\t\t\t<img fetchpriority=\"high\" decoding=\"async\" width=\"1536\" height=\"1024\" src=\"https:\/\/miriamcastleweiss.de\/familie\/wp-content\/uploads\/2022\/03\/Y9C4513-2000-1536x1024.jpg\" class=\"attachment-1536x1536 size-1536x1536 wp-image-2540\" alt=\"\" srcset=\"https:\/\/miriamcastleweiss.de\/familie\/wp-content\/uploads\/2022\/03\/Y9C4513-2000-1536x1024.jpg 1536w, https:\/\/miriamcastleweiss.de\/familie\/wp-content\/uploads\/2022\/03\/Y9C4513-2000-300x200.jpg 300w, https:\/\/miriamcastleweiss.de\/familie\/wp-content\/uploads\/2022\/03\/Y9C4513-2000-1024x682.jpg 1024w, https:\/\/miriamcastleweiss.de\/familie\/wp-content\/uploads\/2022\/03\/Y9C4513-2000.jpg 2000w\" sizes=\"(max-width: 1536px) 100vw, 1536px\" \/>\t\t\t\t\t\t\t\t\t\t\t\t\t\t\t<\/div>\n\t\t\t\t<\/div>\n\t\t\t\t<div class=\"elementor-element elementor-element-89016be elementor-widget elementor-widget-text-editor\" data-id=\"89016be\" data-element_type=\"widget\" data-e-type=\"widget\" data-widget_type=\"text-editor.default\">\n\t\t\t\t<div class=\"elementor-widget-container\">\n\t\t\t\t\t\t\t\t\t<div class=\"page\" title=\"Page 11\"><div class=\"layoutArea\"><div class=\"column\"><p style=\"font-weight: 400;\">Aus Gespr\u00e4chen mit meinen Kunden und aus eigener Erfahrung wei\u00df ich, wie es sich anf\u00fchlt, wenn man vor der Kamera platziert wird. Diese Gedanken \u201eWie sehe ich aus?\u201c oder \u201eBin ich gut getroffen, so wie ICH wirklich bin?\u201c besch\u00e4ftigen Menschen, wenn die Kamera direkt auf sie gerichtet ist.<\/p><p style=\"font-weight: 400;\">Auch ich habe mich fr\u00fcher \u00a0unwohl vor der Kamera gef\u00fchlt, wenn die Linse direkt auf mich gezeigt hat. Ich buche selber j\u00e4hrlich ein Fotoshooting f\u00fcr mich und meine Familie, um zu wissen, wie es sich anf\u00fchlt.<\/p><p style=\"font-weight: 400;\">Heute arbeite ich bewusst anders.<\/p><p style=\"font-weight: 400;\">Ich fotografiere ausschlie\u00dflich aus Bewegungen heraus. Denn durch Bewegung werden Energien frei. Kinder d\u00fcrfen rumtollen, h\u00fcpfen, klettern und Spa\u00df haben. Leuchtende Kinderaugen machen Bilder so ausdrucksstark!<\/p><p style=\"font-weight: 400;\">Und im echten Leben entstehen die besten Erinnerungen f\u00fcr eure Kinder. Mit meiner Kamera halte ich sie f\u00fcr immer fest.<\/p><\/div><\/div><\/div>\t\t\t\t\t\t\t\t<\/div>\n\t\t\t\t<\/div>\n\t\t\t\t\t<\/div>\n\t\t<\/div>\n\t\t\t\t\t<\/div>\n\t\t<\/section>\n\t\t\t\t<section class=\"elementor-section elementor-top-section elementor-element elementor-element-20e2394 elementor-section-boxed elementor-section-height-default elementor-section-height-default\" data-id=\"20e2394\" data-element_type=\"section\" data-e-type=\"section\">\n\t\t\t\t\t\t<div class=\"elementor-container elementor-column-gap-default\">\n\t\t\t\t\t<div class=\"elementor-column elementor-col-100 elementor-top-column elementor-element elementor-element-5887980\" data-id=\"5887980\" data-element_type=\"column\" data-e-type=\"column\">\n\t\t\t<div class=\"elementor-widget-wrap\">\n\t\t\t\t\t\t\t<\/div>\n\t\t<\/div>\n\t\t\t\t\t<\/div>\n\t\t<\/section>\n\t\t\t\t<section class=\"elementor-section elementor-top-section elementor-element elementor-element-5dc7155 elementor-section-boxed elementor-section-height-default elementor-section-height-default\" data-id=\"5dc7155\" data-element_type=\"section\" data-e-type=\"section\">\n\t\t\t\t\t\t<div class=\"elementor-container elementor-column-gap-default\">\n\t\t\t\t\t<div class=\"elementor-column elementor-col-100 elementor-top-column elementor-element elementor-element-714ef4f\" data-id=\"714ef4f\" data-element_type=\"column\" data-e-type=\"column\">\n\t\t\t<div class=\"elementor-widget-wrap elementor-element-populated\">\n\t\t\t\t\t\t<div class=\"elementor-element elementor-element-c9177cb elementor-widget elementor-widget-image\" data-id=\"c9177cb\" data-element_type=\"widget\" data-e-type=\"widget\" data-widget_type=\"image.default\">\n\t\t\t\t<div class=\"elementor-widget-container\">\n\t\t\t\t\t\t\t\t\t\t\t\t\t\t\t<img decoding=\"async\" width=\"1536\" height=\"1024\" src=\"https:\/\/miriamcastleweiss.de\/familie\/wp-content\/uploads\/2022\/03\/klein-4572-1536x1024.jpg\" class=\"attachment-1536x1536 size-1536x1536 wp-image-2539\" alt=\"\" \/>\t\t\t\t\t\t\t\t\t\t\t\t\t\t\t<\/div>\n\t\t\t\t<\/div>\n\t\t\t\t\t<\/div>\n\t\t<\/div>\n\t\t\t\t\t<\/div>\n\t\t<\/section>\n\t\t\t\t<\/div>\n\t\t","protected":false},"excerpt":{"rendered":"<p>Familienfotos Wiesbaden Miriam Castle-Weiss \u2013 Familienfotografie in Wiesbaden und Hessen Ich bin Miriam und als Familienfotografin m\u00f6chte ich mit meinen Fotos eine Geschichte erz\u00e4hlen. Eure Geschichte. Echt und lebendig.\u00a0Seit 2015 bin ich mit ganzem Herzen Fotografin und lichte \u201emeine\u201c Familien am liebsten in entspannter Atmosph\u00e4re in ihrem eigenen Zuhause oder in der Natur ab. Ich [&hellip;]<\/p>\n","protected":false},"author":1,"featured_media":0,"parent":0,"menu_order":0,"comment_status":"closed","ping_status":"closed","template":"","meta":{"footnotes":""},"class_list":["post-502","page","type-page","status-publish","hentry"],"yoast_head":"<!-- This site is optimized with the Yoast SEO plugin v27.5 - https:\/\/yoast.com\/product\/yoast-seo-wordpress\/ -->\n<title>Fotograf aus Eppstein | \u2713 Paare \u2713 Familien \u2713 Business<\/title>\n<meta name=\"description\" content=\"Klare Farben - nat\u00fcrliche Momente - lebendige Erinnerungen | Fotos f\u00fcr dich und deine Familie von Miriam Castle-Weiss | Fotograf aus Eppstein\" \/>\n<meta name=\"robots\" content=\"index, follow, max-snippet:-1, max-image-preview:large, max-video-preview:-1\" \/>\n<link rel=\"canonical\" href=\"https:\/\/miriamcastleweiss.de\/familie\/fotograf-eppstein\/\" \/>\n<meta property=\"og:locale\" content=\"de_DE\" \/>\n<meta property=\"og:type\" content=\"article\" \/>\n<meta property=\"og:title\" content=\"Fotograf aus Eppstein | \u2713 Paare \u2713 Familien \u2713 Business\" \/>\n<meta property=\"og:description\" content=\"Klare Farben - nat\u00fcrliche Momente - lebendige Erinnerungen | Fotos f\u00fcr dich und deine Familie von Miriam Castle-Weiss | Fotograf aus Eppstein\" \/>\n<meta property=\"og:url\" content=\"https:\/\/miriamcastleweiss.de\/familie\/fotograf-eppstein\/\" \/>\n<meta property=\"og:site_name\" content=\"Miriam Castle-Weiss Fotografie\" \/>\n<meta property=\"article:modified_time\" content=\"2023-03-08T21:09:37+00:00\" \/>\n<meta property=\"og:image\" content=\"https:\/\/miriamcastleweiss.de\/familie\/wp-content\/uploads\/2022\/03\/Y9C4513-2000-1536x1024.jpg\" \/>\n<meta name=\"twitter:card\" content=\"summary_large_image\" \/>\n<meta name=\"twitter:label1\" content=\"Gesch\u00e4tzte Lesezeit\" \/>\n\t<meta name=\"twitter:data1\" content=\"2\u00a0Minuten\" \/>\n<script type=\"application\/ld+json\" class=\"yoast-schema-graph\">{\"@context\":\"https:\\\/\\\/schema.org\",\"@graph\":[{\"@type\":\"WebPage\",\"@id\":\"https:\\\/\\\/miriamcastleweiss.de\\\/familie\\\/fotograf-eppstein\\\/\",\"url\":\"https:\\\/\\\/miriamcastleweiss.de\\\/familie\\\/fotograf-eppstein\\\/\",\"name\":\"Fotograf aus Eppstein | \u2713 Paare \u2713 Familien \u2713 Business\",\"isPartOf\":{\"@id\":\"https:\\\/\\\/miriamcastleweiss.de\\\/familie\\\/#website\"},\"primaryImageOfPage\":{\"@id\":\"https:\\\/\\\/miriamcastleweiss.de\\\/familie\\\/fotograf-eppstein\\\/#primaryimage\"},\"image\":{\"@id\":\"https:\\\/\\\/miriamcastleweiss.de\\\/familie\\\/fotograf-eppstein\\\/#primaryimage\"},\"thumbnailUrl\":\"https:\\\/\\\/miriamcastleweiss.de\\\/familie\\\/wp-content\\\/uploads\\\/2022\\\/03\\\/Y9C4513-2000-1536x1024.jpg\",\"datePublished\":\"2018-02-04T12:12:31+00:00\",\"dateModified\":\"2023-03-08T21:09:37+00:00\",\"description\":\"Klare Farben - nat\u00fcrliche Momente - lebendige Erinnerungen | Fotos f\u00fcr dich und deine Familie von Miriam Castle-Weiss | Fotograf aus Eppstein\",\"breadcrumb\":{\"@id\":\"https:\\\/\\\/miriamcastleweiss.de\\\/familie\\\/fotograf-eppstein\\\/#breadcrumb\"},\"inLanguage\":\"de\",\"potentialAction\":[{\"@type\":\"ReadAction\",\"target\":[\"https:\\\/\\\/miriamcastleweiss.de\\\/familie\\\/fotograf-eppstein\\\/\"]}]},{\"@type\":\"ImageObject\",\"inLanguage\":\"de\",\"@id\":\"https:\\\/\\\/miriamcastleweiss.de\\\/familie\\\/fotograf-eppstein\\\/#primaryimage\",\"url\":\"https:\\\/\\\/miriamcastleweiss.de\\\/familie\\\/wp-content\\\/uploads\\\/2022\\\/03\\\/Y9C4513-2000.jpg\",\"contentUrl\":\"https:\\\/\\\/miriamcastleweiss.de\\\/familie\\\/wp-content\\\/uploads\\\/2022\\\/03\\\/Y9C4513-2000.jpg\",\"width\":2000,\"height\":1333},{\"@type\":\"BreadcrumbList\",\"@id\":\"https:\\\/\\\/miriamcastleweiss.de\\\/familie\\\/fotograf-eppstein\\\/#breadcrumb\",\"itemListElement\":[{\"@type\":\"ListItem\",\"position\":1,\"name\":\"Startseite\",\"item\":\"https:\\\/\\\/miriamcastleweiss.de\\\/familie\\\/\"},{\"@type\":\"ListItem\",\"position\":2,\"name\":\"Fotografin\"}]},{\"@type\":\"WebSite\",\"@id\":\"https:\\\/\\\/miriamcastleweiss.de\\\/familie\\\/#website\",\"url\":\"https:\\\/\\\/miriamcastleweiss.de\\\/familie\\\/\",\"name\":\"Miriam Castle-Weiss Fotografie\",\"description\":\"Familienfotografie\",\"publisher\":{\"@id\":\"https:\\\/\\\/miriamcastleweiss.de\\\/familie\\\/#\\\/schema\\\/person\\\/1a96c3366ba9e3eeeca680ac057e4e98\"},\"potentialAction\":[{\"@type\":\"SearchAction\",\"target\":{\"@type\":\"EntryPoint\",\"urlTemplate\":\"https:\\\/\\\/miriamcastleweiss.de\\\/familie\\\/?s={search_term_string}\"},\"query-input\":{\"@type\":\"PropertyValueSpecification\",\"valueRequired\":true,\"valueName\":\"search_term_string\"}}],\"inLanguage\":\"de\"},{\"@type\":[\"Person\",\"Organization\"],\"@id\":\"https:\\\/\\\/miriamcastleweiss.de\\\/familie\\\/#\\\/schema\\\/person\\\/1a96c3366ba9e3eeeca680ac057e4e98\",\"name\":\"Miriam Castle-Weiss\",\"image\":{\"@type\":\"ImageObject\",\"inLanguage\":\"de\",\"@id\":\"https:\\\/\\\/miriamcastleweiss.de\\\/familie\\\/wp-content\\\/uploads\\\/2026\\\/02\\\/MCW_Logodesign_RGB_Hochformat-scaled.jpg\",\"url\":\"https:\\\/\\\/miriamcastleweiss.de\\\/familie\\\/wp-content\\\/uploads\\\/2026\\\/02\\\/MCW_Logodesign_RGB_Hochformat-scaled.jpg\",\"contentUrl\":\"https:\\\/\\\/miriamcastleweiss.de\\\/familie\\\/wp-content\\\/uploads\\\/2026\\\/02\\\/MCW_Logodesign_RGB_Hochformat-scaled.jpg\",\"width\":2560,\"height\":1654,\"caption\":\"Miriam Castle-Weiss\"},\"logo\":{\"@id\":\"https:\\\/\\\/miriamcastleweiss.de\\\/familie\\\/wp-content\\\/uploads\\\/2026\\\/02\\\/MCW_Logodesign_RGB_Hochformat-scaled.jpg\"}}]}<\/script>\n<!-- \/ Yoast SEO plugin. -->","yoast_head_json":{"title":"Fotograf aus Eppstein | \u2713 Paare \u2713 Familien \u2713 Business","description":"Klare Farben - nat\u00fcrliche Momente - lebendige Erinnerungen | Fotos f\u00fcr dich und deine Familie von Miriam Castle-Weiss | Fotograf aus Eppstein","robots":{"index":"index","follow":"follow","max-snippet":"max-snippet:-1","max-image-preview":"max-image-preview:large","max-video-preview":"max-video-preview:-1"},"canonical":"https:\/\/miriamcastleweiss.de\/familie\/fotograf-eppstein\/","og_locale":"de_DE","og_type":"article","og_title":"Fotograf aus Eppstein | \u2713 Paare \u2713 Familien \u2713 Business","og_description":"Klare Farben - nat\u00fcrliche Momente - lebendige Erinnerungen | Fotos f\u00fcr dich und deine Familie von Miriam Castle-Weiss | Fotograf aus Eppstein","og_url":"https:\/\/miriamcastleweiss.de\/familie\/fotograf-eppstein\/","og_site_name":"Miriam Castle-Weiss Fotografie","article_modified_time":"2023-03-08T21:09:37+00:00","og_image":[{"url":"https:\/\/miriamcastleweiss.de\/familie\/wp-content\/uploads\/2022\/03\/Y9C4513-2000-1536x1024.jpg","type":"","width":"","height":""}],"twitter_card":"summary_large_image","twitter_misc":{"Gesch\u00e4tzte Lesezeit":"2\u00a0Minuten"},"schema":{"@context":"https:\/\/schema.org","@graph":[{"@type":"WebPage","@id":"https:\/\/miriamcastleweiss.de\/familie\/fotograf-eppstein\/","url":"https:\/\/miriamcastleweiss.de\/familie\/fotograf-eppstein\/","name":"Fotograf aus Eppstein | \u2713 Paare \u2713 Familien \u2713 Business","isPartOf":{"@id":"https:\/\/miriamcastleweiss.de\/familie\/#website"},"primaryImageOfPage":{"@id":"https:\/\/miriamcastleweiss.de\/familie\/fotograf-eppstein\/#primaryimage"},"image":{"@id":"https:\/\/miriamcastleweiss.de\/familie\/fotograf-eppstein\/#primaryimage"},"thumbnailUrl":"https:\/\/miriamcastleweiss.de\/familie\/wp-content\/uploads\/2022\/03\/Y9C4513-2000-1536x1024.jpg","datePublished":"2018-02-04T12:12:31+00:00","dateModified":"2023-03-08T21:09:37+00:00","description":"Klare Farben - nat\u00fcrliche Momente - lebendige Erinnerungen | Fotos f\u00fcr dich und deine Familie von Miriam Castle-Weiss | Fotograf aus Eppstein","breadcrumb":{"@id":"https:\/\/miriamcastleweiss.de\/familie\/fotograf-eppstein\/#breadcrumb"},"inLanguage":"de","potentialAction":[{"@type":"ReadAction","target":["https:\/\/miriamcastleweiss.de\/familie\/fotograf-eppstein\/"]}]},{"@type":"ImageObject","inLanguage":"de","@id":"https:\/\/miriamcastleweiss.de\/familie\/fotograf-eppstein\/#primaryimage","url":"https:\/\/miriamcastleweiss.de\/familie\/wp-content\/uploads\/2022\/03\/Y9C4513-2000.jpg","contentUrl":"https:\/\/miriamcastleweiss.de\/familie\/wp-content\/uploads\/2022\/03\/Y9C4513-2000.jpg","width":2000,"height":1333},{"@type":"BreadcrumbList","@id":"https:\/\/miriamcastleweiss.de\/familie\/fotograf-eppstein\/#breadcrumb","itemListElement":[{"@type":"ListItem","position":1,"name":"Startseite","item":"https:\/\/miriamcastleweiss.de\/familie\/"},{"@type":"ListItem","position":2,"name":"Fotografin"}]},{"@type":"WebSite","@id":"https:\/\/miriamcastleweiss.de\/familie\/#website","url":"https:\/\/miriamcastleweiss.de\/familie\/","name":"Miriam Castle-Weiss Fotografie","description":"Familienfotografie","publisher":{"@id":"https:\/\/miriamcastleweiss.de\/familie\/#\/schema\/person\/1a96c3366ba9e3eeeca680ac057e4e98"},"potentialAction":[{"@type":"SearchAction","target":{"@type":"EntryPoint","urlTemplate":"https:\/\/miriamcastleweiss.de\/familie\/?s={search_term_string}"},"query-input":{"@type":"PropertyValueSpecification","valueRequired":true,"valueName":"search_term_string"}}],"inLanguage":"de"},{"@type":["Person","Organization"],"@id":"https:\/\/miriamcastleweiss.de\/familie\/#\/schema\/person\/1a96c3366ba9e3eeeca680ac057e4e98","name":"Miriam Castle-Weiss","image":{"@type":"ImageObject","inLanguage":"de","@id":"https:\/\/miriamcastleweiss.de\/familie\/wp-content\/uploads\/2026\/02\/MCW_Logodesign_RGB_Hochformat-scaled.jpg","url":"https:\/\/miriamcastleweiss.de\/familie\/wp-content\/uploads\/2026\/02\/MCW_Logodesign_RGB_Hochformat-scaled.jpg","contentUrl":"https:\/\/miriamcastleweiss.de\/familie\/wp-content\/uploads\/2026\/02\/MCW_Logodesign_RGB_Hochformat-scaled.jpg","width":2560,"height":1654,"caption":"Miriam Castle-Weiss"},"logo":{"@id":"https:\/\/miriamcastleweiss.de\/familie\/wp-content\/uploads\/2026\/02\/MCW_Logodesign_RGB_Hochformat-scaled.jpg"}}]}},"_links":{"self":[{"href":"https:\/\/miriamcastleweiss.de\/familie\/wp-json\/wp\/v2\/pages\/502","targetHints":{"allow":["GET"]}}],"collection":[{"href":"https:\/\/miriamcastleweiss.de\/familie\/wp-json\/wp\/v2\/pages"}],"about":[{"href":"https:\/\/miriamcastleweiss.de\/familie\/wp-json\/wp\/v2\/types\/page"}],"author":[{"embeddable":true,"href":"https:\/\/miriamcastleweiss.de\/familie\/wp-json\/wp\/v2\/users\/1"}],"replies":[{"embeddable":true,"href":"https:\/\/miriamcastleweiss.de\/familie\/wp-json\/wp\/v2\/comments?post=502"}],"version-history":[{"count":50,"href":"https:\/\/miriamcastleweiss.de\/familie\/wp-json\/wp\/v2\/pages\/502\/revisions"}],"predecessor-version":[{"id":3561,"href":"https:\/\/miriamcastleweiss.de\/familie\/wp-json\/wp\/v2\/pages\/502\/revisions\/3561"}],"wp:attachment":[{"href":"https:\/\/miriamcastleweiss.de\/familie\/wp-json\/wp\/v2\/media?parent=502"}],"curies":[{"name":"wp","href":"https:\/\/api.w.org\/{rel}","templated":true}]}}