{"id":13,"date":"2016-02-02T13:54:35","date_gmt":"2016-02-02T12:54:35","guid":{"rendered":"http:\/\/www.one-glimpse.com\/hochzeit\/?page_id=13"},"modified":"2023-01-17T16:20:23","modified_gmt":"2023-01-17T15:20:23","slug":"impressum","status":"publish","type":"page","link":"https:\/\/miriamcastleweiss.de\/hochzeit\/impressum\/","title":{"rendered":"Impressum"},"content":{"rendered":"\t\t<div data-elementor-type=\"wp-page\" data-elementor-id=\"13\" class=\"elementor elementor-13\" data-elementor-post-type=\"page\">\n\t\t\t\t\t\t<section class=\"elementor-section elementor-top-section elementor-element elementor-element-943b099 elementor-section-boxed elementor-section-height-default elementor-section-height-default\" data-id=\"943b099\" data-element_type=\"section\" data-e-type=\"section\">\n\t\t\t\t\t\t<div class=\"elementor-container elementor-column-gap-default\">\n\t\t\t\t\t<div class=\"elementor-column elementor-col-100 elementor-top-column elementor-element elementor-element-2f53162\" data-id=\"2f53162\" data-element_type=\"column\" data-e-type=\"column\">\n\t\t\t<div class=\"elementor-widget-wrap elementor-element-populated\">\n\t\t\t\t\t\t<div class=\"elementor-element elementor-element-75f5766 elementor-widget elementor-widget-text-editor\" data-id=\"75f5766\" data-element_type=\"widget\" data-e-type=\"widget\" data-widget_type=\"text-editor.default\">\n\t\t\t\t<div class=\"elementor-widget-container\">\n\t\t\t\t\t\t\t\t\t<p class=\"paragraph_style_1\"><strong>Angaben gem\u00e4\u00df \u00a7 5 TMG:<\/strong><\/p><p class=\"paragraph_style_1\">Miriam Castle-Weiss<\/p><p class=\"paragraph_style_1\">Fotografie<\/p><p class=\"paragraph_style_1\">Sch\u00e4fergasse 3<\/p><p class=\"paragraph_style_1\">65817 Eppstein<\/p><p class=\"paragraph_style_1\">Kontakt:<\/p><p class=\"paragraph_style_1\">Telefon: 0178 27 15 204<\/p><p class=\"paragraph_style_1\">E-Mail:\u00a0<a title=\"mailto:info@miriamcastleweiss.de\" href=\"mailto:info@miriamcastleweiss.de\">foto@miriamcastleweiss.de<\/a><\/p><p>Umsatzsteuer-Identifikationsnummer laut \u00a727a Umsatzsteuergesetz:<\/p><p>DE298046025<\/p><p>eingetragen in der Handwerkskammer Frankfurt<\/p><p>\u00a0<\/p><p>\u00a0<\/p><p class=\"paragraph_style_1\">Haftungsausschluss (Disclaimer)<\/p><p class=\"paragraph_style_1\">Haftung f\u00fcr Inhalte<\/p><p class=\"paragraph_style_1\">Als Diensteanbieter sind wir gem\u00e4\u00df \u00a7 7 Abs.1 TMG f\u00fcr eigene Inhalte auf diesen Seiten nach den allgemeinen Gesetzen verantwortlich. Nach \u00a7\u00a7 8 bis 10 TMG sind wir als Diensteanbieter jedoch nicht verpflichtet, \u00fcbermittelte oder gespeicherte fremde Informationen zu \u00fcberwachen oder nach Umst\u00e4nden zu forschen, die auf eine rechtswidrige T?tigkeit hinweisen. Verpflichtungen zur Entfernung oder Sperrung der Nutzung von Informationen nach den allgemeinen Gesetzen bleiben hiervon unber\u00fchrt. Eine diesbez\u00fcgliche Haftung ist jedoch erst ab dem Zeitpunkt der Kenntnis einer konkreten Rechtsverletzung m\u00f6glich. Bei Bekanntwerden von entsprechenden Rechtsverletzungen werden wir diese Inhalte umgehend entfernen.<\/p><p class=\"paragraph_style_1\">Haftung f\u00fcr Links<\/p><p class=\"paragraph_style_1\">Unser Angebot enth\u00e4lt Links zu externen Webseiten Dritter, auf deren Inhalte wir keinen Einfluss haben. Deshalb k\u00f6nnen wir f\u00fcr diese fremden Inhalte auch keine Gew\u00e4hr \u00fcbernehmen. F\u00fcr die Inhalte der verlinkten Seiten ist stets der jeweilige Anbieter oder Betreiber der Seiten verantwortlich. Die verlinkten Seiten wurden zum Zeitpunkt der Verlinkung auf m\u00f6gliche Rechtsverst\u00f6\u00dfe \u00fcberpr\u00fcft. Rechtswidrige Inhalte waren zum Zeitpunkt der Verlinkung nicht erkennbar. Eine permanente inhaltliche Kontrolle der verlinkten Seiten ist jedoch ohne konkrete Anhaltspunkte einer Rechtsverletzung nicht zumutbar. Bei Bekanntwerden von Rechtsverletzungen werden wir derartige Links umgehend entfernen.<\/p><p class=\"paragraph_style_1\">Urheberrecht<\/p><p class=\"paragraph_style_1\">Die durch die Seitenbetreiber erstellten Inhalte und Werke auf diesen Seiten unterliegen dem deutschen Urheberrecht. Die Vervielf\u00e4ltigung, Bearbeitung, Verbreitung und jede Art der Verwertung au?erhalb der Grenzen des Urheberrechtes bed\u00fcrfen der schriftlichen Zustimmung des jeweiligen Autors bzw. Erstellers. Downloads und Kopien dieser Seite sind nur f\u00fcr den privaten, nicht kommerziellen Gebrauch gestattet. Soweit die Inhalte auf dieser Seite nicht vom Betreiber erstellt wurden, werden die Urheberrechte Dritter beachtet. Insbesondere werden Inhalte Dritter als solche gekennzeichnet. Sollten Sie trotzdem auf eine Urheberrechtsverletzung aufmerksam werden, bitten wir um einen entsprechenden Hinweis. Bei Bekanntwerden von Rechtsverletzungen werden wir derartige Inhalte umgehend entfernen.<\/p>\t\t\t\t\t\t\t\t<\/div>\n\t\t\t\t<\/div>\n\t\t\t\t\t<\/div>\n\t\t<\/div>\n\t\t\t\t\t<\/div>\n\t\t<\/section>\n\t\t\t\t<\/div>\n\t\t","protected":false},"excerpt":{"rendered":"<p>Angaben gem\u00e4\u00df \u00a7 5 TMG: Miriam Castle-Weiss Fotografie Sch\u00e4fergasse 3 65817 Eppstein Kontakt: Telefon: 0178 27 15 204 E-Mail:\u00a0foto@miriamcastleweiss.de Umsatzsteuer-Identifikationsnummer laut \u00a727a Umsatzsteuergesetz: DE298046025 eingetragen in der Handwerkskammer Frankfurt \u00a0 \u00a0 Haftungsausschluss (Disclaimer) Haftung f\u00fcr Inhalte Als Diensteanbieter sind wir gem\u00e4\u00df \u00a7 7 Abs.1 TMG f\u00fcr eigene Inhalte auf diesen Seiten nach den allgemeinen Gesetzen [&hellip;]<\/p>\n","protected":false},"author":1,"featured_media":0,"parent":0,"menu_order":40,"comment_status":"closed","ping_status":"closed","template":"","meta":{"_acf_changed":false,"footnotes":""},"class_list":["post-13","page","type-page","status-publish","hentry"],"acf":[],"yoast_head":"<!-- This site is optimized with the Yoast SEO plugin v27.4 - https:\/\/yoast.com\/product\/yoast-seo-wordpress\/ -->\n<title>Impressum - Hochzeitsfotografie Wiesbaden<\/title>\n<meta name=\"robots\" content=\"noindex, nofollow\" \/>\n<meta property=\"og:locale\" content=\"de_DE\" \/>\n<meta property=\"og:type\" content=\"article\" \/>\n<meta property=\"og:title\" content=\"Impressum - Hochzeitsfotografie Wiesbaden\" \/>\n<meta property=\"og:description\" content=\"Angaben gem\u00e4\u00df \u00a7 5 TMG: Miriam Castle-Weiss Fotografie Sch\u00e4fergasse 3 65817 Eppstein Kontakt: Telefon: 0178 27 15 204 E-Mail:\u00a0foto@miriamcastleweiss.de Umsatzsteuer-Identifikationsnummer laut \u00a727a Umsatzsteuergesetz: DE298046025 eingetragen in der Handwerkskammer Frankfurt \u00a0 \u00a0 Haftungsausschluss (Disclaimer) Haftung f\u00fcr Inhalte Als Diensteanbieter sind wir gem\u00e4\u00df \u00a7 7 Abs.1 TMG f\u00fcr eigene Inhalte auf diesen Seiten nach den allgemeinen Gesetzen [&hellip;]\" \/>\n<meta property=\"og:url\" content=\"https:\/\/miriamcastleweiss.de\/hochzeit\/impressum\/\" \/>\n<meta property=\"og:site_name\" content=\"Hochzeitsfotografie Wiesbaden\" \/>\n<meta property=\"article:publisher\" content=\"https:\/\/www.facebook.com\/miriamcastleweiss.fotografie\" \/>\n<meta property=\"article:modified_time\" content=\"2023-01-17T15:20:23+00:00\" \/>\n<meta name=\"twitter:card\" content=\"summary_large_image\" \/>\n<meta name=\"twitter:label1\" content=\"Gesch\u00e4tzte Lesezeit\" \/>\n\t<meta name=\"twitter:data1\" content=\"2\u00a0Minuten\" \/>\n<script type=\"application\/ld+json\" class=\"yoast-schema-graph\">{\"@context\":\"https:\\\/\\\/schema.org\",\"@graph\":[{\"@type\":\"WebPage\",\"@id\":\"https:\\\/\\\/miriamcastleweiss.de\\\/hochzeit\\\/impressum\\\/\",\"url\":\"https:\\\/\\\/miriamcastleweiss.de\\\/hochzeit\\\/impressum\\\/\",\"name\":\"Impressum - Hochzeitsfotografie Wiesbaden\",\"isPartOf\":{\"@id\":\"https:\\\/\\\/miriamcastleweiss.de\\\/hochzeit\\\/#website\"},\"datePublished\":\"2016-02-02T12:54:35+00:00\",\"dateModified\":\"2023-01-17T15:20:23+00:00\",\"breadcrumb\":{\"@id\":\"https:\\\/\\\/miriamcastleweiss.de\\\/hochzeit\\\/impressum\\\/#breadcrumb\"},\"inLanguage\":\"de\",\"potentialAction\":[{\"@type\":\"ReadAction\",\"target\":[\"https:\\\/\\\/miriamcastleweiss.de\\\/hochzeit\\\/impressum\\\/\"]}]},{\"@type\":\"BreadcrumbList\",\"@id\":\"https:\\\/\\\/miriamcastleweiss.de\\\/hochzeit\\\/impressum\\\/#breadcrumb\",\"itemListElement\":[{\"@type\":\"ListItem\",\"position\":1,\"name\":\"Startseite\",\"item\":\"https:\\\/\\\/miriamcastleweiss.de\\\/hochzeit\\\/\"},{\"@type\":\"ListItem\",\"position\":2,\"name\":\"Impressum\"}]},{\"@type\":\"WebSite\",\"@id\":\"https:\\\/\\\/miriamcastleweiss.de\\\/hochzeit\\\/#website\",\"url\":\"https:\\\/\\\/miriamcastleweiss.de\\\/hochzeit\\\/\",\"name\":\"Hochzeitsfotografie Wiesbaden\",\"description\":\"Hochzeitsbilder mit Geschichte\",\"publisher\":{\"@id\":\"https:\\\/\\\/miriamcastleweiss.de\\\/hochzeit\\\/#\\\/schema\\\/person\\\/453ac2a4756298cb580f64a5136fb69f\"},\"potentialAction\":[{\"@type\":\"SearchAction\",\"target\":{\"@type\":\"EntryPoint\",\"urlTemplate\":\"https:\\\/\\\/miriamcastleweiss.de\\\/hochzeit\\\/?s={search_term_string}\"},\"query-input\":{\"@type\":\"PropertyValueSpecification\",\"valueRequired\":true,\"valueName\":\"search_term_string\"}}],\"inLanguage\":\"de\"},{\"@type\":[\"Person\",\"Organization\"],\"@id\":\"https:\\\/\\\/miriamcastleweiss.de\\\/hochzeit\\\/#\\\/schema\\\/person\\\/453ac2a4756298cb580f64a5136fb69f\",\"name\":\"Miriam\",\"image\":{\"@type\":\"ImageObject\",\"inLanguage\":\"de\",\"@id\":\"https:\\\/\\\/miriamcastleweiss.de\\\/hochzeit\\\/wp-content\\\/uploads\\\/2024\\\/01\\\/MCW_Logodesign_RGB_Querformat-scaled.jpg\",\"url\":\"https:\\\/\\\/miriamcastleweiss.de\\\/hochzeit\\\/wp-content\\\/uploads\\\/2024\\\/01\\\/MCW_Logodesign_RGB_Querformat-scaled.jpg\",\"contentUrl\":\"https:\\\/\\\/miriamcastleweiss.de\\\/hochzeit\\\/wp-content\\\/uploads\\\/2024\\\/01\\\/MCW_Logodesign_RGB_Querformat-scaled.jpg\",\"width\":2560,\"height\":1139,\"caption\":\"Miriam\"},\"logo\":{\"@id\":\"https:\\\/\\\/miriamcastleweiss.de\\\/hochzeit\\\/wp-content\\\/uploads\\\/2024\\\/01\\\/MCW_Logodesign_RGB_Querformat-scaled.jpg\"},\"sameAs\":[\"https:\\\/\\\/www.facebook.com\\\/miriamcastleweiss.fotografie\",\"https:\\\/\\\/www.instagram.com\\\/miriamcastleweiss.fotografie\",\"https:\\\/\\\/www.linkedin.com\\\/in\\\/miriam-castle-weiss-568b9b214\\\/\"]}]}<\/script>\n<!-- \/ Yoast SEO plugin. -->","yoast_head_json":{"title":"Impressum - Hochzeitsfotografie Wiesbaden","robots":{"index":"noindex","follow":"nofollow"},"og_locale":"de_DE","og_type":"article","og_title":"Impressum - Hochzeitsfotografie Wiesbaden","og_description":"Angaben gem\u00e4\u00df \u00a7 5 TMG: Miriam Castle-Weiss Fotografie Sch\u00e4fergasse 3 65817 Eppstein Kontakt: Telefon: 0178 27 15 204 E-Mail:\u00a0foto@miriamcastleweiss.de Umsatzsteuer-Identifikationsnummer laut \u00a727a Umsatzsteuergesetz: DE298046025 eingetragen in der Handwerkskammer Frankfurt \u00a0 \u00a0 Haftungsausschluss (Disclaimer) Haftung f\u00fcr Inhalte Als Diensteanbieter sind wir gem\u00e4\u00df \u00a7 7 Abs.1 TMG f\u00fcr eigene Inhalte auf diesen Seiten nach den allgemeinen Gesetzen [&hellip;]","og_url":"https:\/\/miriamcastleweiss.de\/hochzeit\/impressum\/","og_site_name":"Hochzeitsfotografie Wiesbaden","article_publisher":"https:\/\/www.facebook.com\/miriamcastleweiss.fotografie","article_modified_time":"2023-01-17T15:20:23+00:00","twitter_card":"summary_large_image","twitter_misc":{"Gesch\u00e4tzte Lesezeit":"2\u00a0Minuten"},"schema":{"@context":"https:\/\/schema.org","@graph":[{"@type":"WebPage","@id":"https:\/\/miriamcastleweiss.de\/hochzeit\/impressum\/","url":"https:\/\/miriamcastleweiss.de\/hochzeit\/impressum\/","name":"Impressum - Hochzeitsfotografie Wiesbaden","isPartOf":{"@id":"https:\/\/miriamcastleweiss.de\/hochzeit\/#website"},"datePublished":"2016-02-02T12:54:35+00:00","dateModified":"2023-01-17T15:20:23+00:00","breadcrumb":{"@id":"https:\/\/miriamcastleweiss.de\/hochzeit\/impressum\/#breadcrumb"},"inLanguage":"de","potentialAction":[{"@type":"ReadAction","target":["https:\/\/miriamcastleweiss.de\/hochzeit\/impressum\/"]}]},{"@type":"BreadcrumbList","@id":"https:\/\/miriamcastleweiss.de\/hochzeit\/impressum\/#breadcrumb","itemListElement":[{"@type":"ListItem","position":1,"name":"Startseite","item":"https:\/\/miriamcastleweiss.de\/hochzeit\/"},{"@type":"ListItem","position":2,"name":"Impressum"}]},{"@type":"WebSite","@id":"https:\/\/miriamcastleweiss.de\/hochzeit\/#website","url":"https:\/\/miriamcastleweiss.de\/hochzeit\/","name":"Hochzeitsfotografie Wiesbaden","description":"Hochzeitsbilder mit Geschichte","publisher":{"@id":"https:\/\/miriamcastleweiss.de\/hochzeit\/#\/schema\/person\/453ac2a4756298cb580f64a5136fb69f"},"potentialAction":[{"@type":"SearchAction","target":{"@type":"EntryPoint","urlTemplate":"https:\/\/miriamcastleweiss.de\/hochzeit\/?s={search_term_string}"},"query-input":{"@type":"PropertyValueSpecification","valueRequired":true,"valueName":"search_term_string"}}],"inLanguage":"de"},{"@type":["Person","Organization"],"@id":"https:\/\/miriamcastleweiss.de\/hochzeit\/#\/schema\/person\/453ac2a4756298cb580f64a5136fb69f","name":"Miriam","image":{"@type":"ImageObject","inLanguage":"de","@id":"https:\/\/miriamcastleweiss.de\/hochzeit\/wp-content\/uploads\/2024\/01\/MCW_Logodesign_RGB_Querformat-scaled.jpg","url":"https:\/\/miriamcastleweiss.de\/hochzeit\/wp-content\/uploads\/2024\/01\/MCW_Logodesign_RGB_Querformat-scaled.jpg","contentUrl":"https:\/\/miriamcastleweiss.de\/hochzeit\/wp-content\/uploads\/2024\/01\/MCW_Logodesign_RGB_Querformat-scaled.jpg","width":2560,"height":1139,"caption":"Miriam"},"logo":{"@id":"https:\/\/miriamcastleweiss.de\/hochzeit\/wp-content\/uploads\/2024\/01\/MCW_Logodesign_RGB_Querformat-scaled.jpg"},"sameAs":["https:\/\/www.facebook.com\/miriamcastleweiss.fotografie","https:\/\/www.instagram.com\/miriamcastleweiss.fotografie","https:\/\/www.linkedin.com\/in\/miriam-castle-weiss-568b9b214\/"]}]}},"_links":{"self":[{"href":"https:\/\/miriamcastleweiss.de\/hochzeit\/wp-json\/wp\/v2\/pages\/13","targetHints":{"allow":["GET"]}}],"collection":[{"href":"https:\/\/miriamcastleweiss.de\/hochzeit\/wp-json\/wp\/v2\/pages"}],"about":[{"href":"https:\/\/miriamcastleweiss.de\/hochzeit\/wp-json\/wp\/v2\/types\/page"}],"author":[{"embeddable":true,"href":"https:\/\/miriamcastleweiss.de\/hochzeit\/wp-json\/wp\/v2\/users\/1"}],"replies":[{"embeddable":true,"href":"https:\/\/miriamcastleweiss.de\/hochzeit\/wp-json\/wp\/v2\/comments?post=13"}],"version-history":[{"count":8,"href":"https:\/\/miriamcastleweiss.de\/hochzeit\/wp-json\/wp\/v2\/pages\/13\/revisions"}],"predecessor-version":[{"id":3469,"href":"https:\/\/miriamcastleweiss.de\/hochzeit\/wp-json\/wp\/v2\/pages\/13\/revisions\/3469"}],"wp:attachment":[{"href":"https:\/\/miriamcastleweiss.de\/hochzeit\/wp-json\/wp\/v2\/media?parent=13"}],"curies":[{"name":"wp","href":"https:\/\/api.w.org\/{rel}","templated":true}]}}