{"id":2702,"date":"2021-06-27T21:37:19","date_gmt":"2021-06-27T19:37:19","guid":{"rendered":"https:\/\/miriamcastleweiss.de\/hochzeit\/?page_id=2702"},"modified":"2021-06-27T21:37:19","modified_gmt":"2021-06-27T19:37:19","slug":"agb","status":"publish","type":"page","link":"https:\/\/miriamcastleweiss.de\/hochzeit\/agb\/","title":{"rendered":"AGB"},"content":{"rendered":"<p><strong>Allgemeine Gesch\u00e4ftsbedingungen<\/strong><\/p>\n<p>zur Hochzeitsfotografie und allen damit verbundenen Dienstleistungen und Produkten<\/p>\n<p>von Miriam Castle-Weiss (Hochzeitsfotografie-Castle), nachfolgend Fotograf genannt.<\/p>\n<p>&nbsp;<\/p>\n<p><strong>\u00a0<\/strong><strong>Allgemeines<\/strong><\/p>\n<ol>\n<li>Nachstehende Bedingungen gelten f\u00fcr alle dem Fotografen erteilten Auftr\u00e4ge. Sie gelten ebenso f\u00fcr zuk\u00fcnftige\u2028Gesch\u00e4ftsbeziehungen der Vertragsparteien, auch wenn sie nicht erneut ausdr\u00fccklich in die sp\u00e4tere Vereinbarung\u2028aufgenommen werden. Sie gelten als vereinbart mit \u00dcberweisung der Anzahlung oder Leistung durch den\u2028Auftraggeber bzw. bei Vertragsabschluss mit dem Auftraggeber und wenn ihnen nicht umgehend widersprochen wird.<\/li>\n<li>\u201eFotos\u201c im Sinne dieser AGB sind alle vom Fotografen hergestellten Produkte, egal in welcher technischen\u2028Form oder in welchem Medium sie erstellt wurden oder vorliegen (gedruckte\u2028Papierbilder, gedruckte Bilder in Fotob\u00fcchern und Hochzeitsalben, digitale Bilder in Onlinegalerien\u2028oder auf sonstigen Datentr\u00e4gern, etc.)<\/li>\n<li>Der Auftraggeber wird darauf hingewiesen, dass Fotos stets dem k\u00fcnstlerischen Gestaltungsspielraum\u2028des aus\u00fcbenden Fotografen unterliegen. Reklamationen und\/oder M\u00e4ngelr\u00fcgen hinsichtlich des vom Fotografen\u2028ausge\u00fcbten k\u00fcnstlerischen Gestaltungsspielraums, des Aufnahmeortes und der verwendeten optischen und\u2028technischen Mittel der Fotografie sind daher ausgeschlossen. Nachtr\u00e4gliche \u00c4nderungsw\u00fcnsche des\u2028Auftraggebers bed\u00fcrfen einer gesonderten Vereinbarung und Beauftragung und sind gesondert zu verg\u00fcten.<\/li>\n<li>Es kann nicht garantiert werden, dass alle anwesenden G\u00e4ste z. B. bei Hochzeiten oder sonstigen Fotoreportagen\u2028abgelichtet werden. Der Fotograf ist aber stets bem\u00fcht dies zu erreichen, wenn dies vom Auftraggeber erw\u00fcnscht ist.<\/li>\n<li>Bei Hochzeiten \u00fcber 5 Stunden sind bis zu 30 Minuten der Arbeitszeit des Fotografen f\u00fcr Aufbau\u2028und Vorbereitung enthalten. Pausen bei Buchungen \u00fcber 6 Stunden werden nach Absprache mit dem Auftraggeber vor Ort vereinbart, verl\u00e4ngern\u2028jedoch nicht den vereinbarten und gebuchten Zeitrahmen. Bei Halb- oder Ganztagesbuchungen sind dem Fotografen angemessene Pausen inkl. Verpflegung zu gew\u00e4hren.<\/li>\n<li>Der Fotograf w\u00e4hlt die Bilder aus, die dem Auftraggeber zur Abnahme vorgelegt werden.<\/li>\n<li>Der Fotograf verpflichtet sich nicht zur dauerhaften Archivierung des bei einer Produktion entstandenen\u2028Bildmaterials, sofern nicht ausdr\u00fccklich abweichende Regelungen schriftlich vereinbart wurden.\u2028Originaldateien, auch RAW-Aufnahmen, verbleiben beim Fotografen und eine Herausgabe an den Auftraggeber\u2028erfolgt nur bei gesonderter Vereinbarung und bei \u00dcbernahme von Extrakosten.<\/li>\n<li>Ich nutze zur Erbringung meiner Leistung gegen\u00fcber meinen Kunden den Dienst <a href=\"https:\/\/app.kreativ.management\/\" target=\"_blank\" rel=\"nofollow noopener noreferrer\">https:\/\/app.kreativ.management<\/a>. Dieser bietet mir insbesondere die M\u00f6glichkeit Stammdaten der von mir betreuten Kunden\/Brautpaare anzulegen, eine Kalenderverwaltung, eine Aufgaben-\/To-Do-Liste, ein Postfach zur Kommunikation zwischen mir und meinen Kunden sowie die M\u00f6glichkeit direkt \u00fcber den Dienst Angebote und Abrechnungen f\u00fcr die Leistungen des Users zu erstellen. Angeboten wird dieser Dienst von der Hochzeit.Management GmbH, mit welcher ich einen Nutzungsvertrag sowie einen \u2013 datenschutzrechtlich notwendigen \u2013 Auftragsverarbeitungsvertrag habe.<\/li>\n<\/ol>\n<p>&nbsp;<\/p>\n<p><strong>Urheberrecht, Nutzungsrechte, Eigenwerbung<\/strong><\/p>\n<ol>\n<li>Dem Fotografen steht das Urheberrecht an den Fotos nach Ma\u00dfgabe des Urheberrechtsgesetzes zu.<\/li>\n<li>Der Auftraggeber erwirbt an den Bildern nur die Nutzungsrechte f\u00fcr den Privatgebrauch. Das Recht der\u2028Vervielf\u00e4ltigung und der Weitergabe an Dritte wird f\u00fcr private Zwecke einger\u00e4umt. Eine kommerzielle Nutzung\u2028ist ohne Einverst\u00e4ndnis des Fotografen nicht gestattet. Eigentumsrechte\u2028werden nicht \u00fcbertragen. Die Nutzungsrechte gehen erst nach vollst\u00e4ndiger Bezahlung des Honorars an den\u2028Fotografen \u00fcber.<\/li>\n<li>Der Fotograf darf die Fotos als Referenzaufnahmen im Rahmen seiner Eigenwerbung und publizistisch zur Illustration verwenden.<\/li>\n<\/ol>\n<p>&nbsp;<\/p>\n<p><strong>Honorare<\/strong><\/p>\n<ol>\n<li>F\u00fcr die Herstellung der Fotos gilt das vereinbarte Honorar. Ist kein Honorar vereinbart worden,\u2028bestimmt es sich nach den jeweils aktuellen Preislisten, die auf der Website des Fotografen auf Anfrage zu finden sind.\u2028Das Honorar versteht sich bei Endverbrauchern inkl. der jeweils g\u00fcltigen Mehrwertsteuer.<\/li>\n<li>Bei Auftr\u00e4gen zur Hochzeitsfotografie wird eine Aufwandsgeb\u00fchr von 250,00 Euro berechnet.<\/li>\n<li>Der Fotograf best\u00e4tigt den Auftrag zur Hochzeitsfotografie sowie den Eingang der Zahlung per E-Mail.\u2028Der Auftraggeber erkl\u00e4rt mit der Geb\u00fchr die Richtigkeit der Auftragsbest\u00e4tigung des Fotografen und\u2028best\u00e4tigt dadurch noch einmal die verbindliche Auftragsvergabe.\u2028Das vereinbarte Honorar des Fotografen ist sp\u00e4testens 2 Wochen\u2028nach der Rechnungsstellung per \u00dcberweisung auf das Konto des Fotografen f\u00e4llig. Der Auftraggeber erkl\u00e4rt sich damit einverstanden\u2028Rechnungen auch per E-Mail zu erhalten; in diesem Fall entf\u00e4llt der Postversand.\u2028Nach einer Mahnung kommt der Auftraggeber in Verzug. Nach Eintritt des Verzugs ist das Honorar mit 10% p.a.\u2028zu verzinsen. Eine Aufrechnung oder die Aus\u00fcbung des Zur\u00fcckbehaltungsrechts ist nur gegen\u00fcber unbestrittenen\u2028oder rechtskr\u00e4ftig festgestellten Forderungen des Auftraggebers zul\u00e4ssig. Mahnspesen und die Kosten\u2028(auch au\u00dfergerichtlicher) anwaltlicher Intervention gehen zu Lasten des Auftraggebers.<\/li>\n<li>Bis zur vollst\u00e4ndigen Bezahlung des Kaufpreises bleiben die gelieferten Fotos und sonstige Waren (Online-Galerie, Fotobuch, etc.)\u2028Eigentum des Fotografen.<\/li>\n<li>Rabatte jeglicher Form sind nicht \u00fcbertragbar, auszahlbar oder kombinierbar.<\/li>\n<li>W\u00fcnscht der Auftraggeber w\u00e4hrend oder nach der Aufnahmeproduktion mehr als zwei \u00c4nderungsdurchl\u00e4ufe, so hat er die\u2028Mehrkosten zu tragen. Der Fotograf beh\u00e4lt den Verg\u00fctungs-Anspruch f\u00fcr bereits begonnene Arbeiten.<\/li>\n<li>Im Preis der Hochzeitsreportage ist nur eine oberfl\u00e4chliche Bearbeitung der Bilder inklusive. Aufw\u00e4ndige Sch\u00f6nheitsretuschen auf mehr als 10 Bildern werden gesondert verg\u00fctet.<\/li>\n<li>F\u00fcr eine spontane Verl\u00e4ngerung der Aufnahmeproduktionen auf ausdr\u00fccklichen Wunsch des Auftraggebers, wird\u2028ein Honorar f\u00fcr die angefangene Verl\u00e4ngerungsstunde berechnet, insofern hierzu keine andere schriftliche\u2028Vereinbarung vor Auftragsbeginn getroffen wurde.<\/li>\n<li>Verz\u00f6gert sich die Durchf\u00fchrung des Auftrages aus Gr\u00fcnden, die der Auftraggeber zu vertreten hat oder infolge\u2028h\u00f6herer Gewalt oder Witterungseinfl\u00fcssen, so kann der Fotograf eine angemessene Erh\u00f6hung des Honorars\u2028verlangen. Bei Vorsatz oder grober Fahrl\u00e4ssigkeit des Auftraggebers kann er auch Schadensersatzanspr\u00fcche\u2028geltend machen.<\/li>\n<\/ol>\n<p>&nbsp;<\/p>\n<p><strong>Stornierungsbedingungen<\/strong><\/p>\n<ol>\n<li>Tritt der Auftraggeber mit Einverst\u00e4ndnis des Fotografen vom Vertrag zur\u00fcck, so\u2028beh\u00e4lt der Fotograf die Terminreservierungsgeb\u00fchr von 250,00 Euro ein. Diese deckt in etwa die bisher geleistete Arbeit des Fotografen f\u00fcr Vorgespr\u00e4che, Emailverkehr , Vertragserstellung sowie einer Probesession ab.<br \/>\n2. Zwischen 15 und 28 Tagen vor der Hochzeit sind 50 % der Gesamtsumme f\u00e4llig.<\/li>\n<li>Wird der Auftrag 14 Tage vorher (oder kurzfristiger) storniert, sind 90 % der vereinbarten Kosten f\u00e4llig, da der Termin nicht mehr anderweitig vergeben werden kann.<\/li>\n<li>Wird ein Termin verschoben, gelten die zu diesem Zeitpunkt evtl. neuen Preise des Fotografen. Eine Verschiebung ist einmal kostenlos. Ab der zweiten Verschiebung werden pauschal 50,00 Euro berechnet.Die Stornierung muss schriftlich vom Auftraggeber erfolgen.<\/li>\n<\/ol>\n<p>&nbsp;<\/p>\n<p><strong> Reisekosten, sonstige Kosten<\/strong><\/p>\n<ol>\n<li>\u00dcbersteigt die An- und Abreise des Fotografen den zuvor vereinbarten Umfang, oder wurde nichts dazu\u2028schriftlich vereinbart bzw. best\u00e4tigt, werden folgende Reisekosten berechnet:\u2028je gefahrenem km 0,40 EUR,\u2028je Stunde Fahrzeit 35,00\u00a0EUR.\u2028Bei Anreise mit der Bahn oder dem Flugzeug sowie bei erforderlicher \u00dcbernachtung werden die tats\u00e4chlich\u2028entstehenden Kosten und Spesen (gegen Beleg) in Rechnung gestellt.<\/li>\n<li>Durch den Auftrag anfallende sonstige Kosten wie Materialkosten, Parkgeb\u00fchren, Porto und Verpackung sind\u2028nicht im Honorar enthalten und gehen zu Lasten des Auftraggebers.<\/li>\n<\/ol>\n<p><strong>\u00a0<\/strong><\/p>\n<p>&nbsp;<\/p>\n<p><strong> Haftung<\/strong><\/p>\n<ol>\n<li>Gegen den Fotografen gerichtete Schadensersatzanspr\u00fcche aus Verzug, Unm\u00f6glichkeit der Leistung, Verletzung\u2028von gesetzlichen und\/oder vertraglichen Neben- und Schutzpflichten bei Vertragsabschluss sind ausgeschlossen,\u2028soweit der Schaden nicht durch grob fahrl\u00e4ssiges oder vors\u00e4tzliches Verhalten seitens des Fotografen verursacht\u2028worden ist. Die Organisation, Vergabe und Ausf\u00fchrung von Buchungen geschieht mit gro\u00dfer Sorgfalt.\u2028Sollte jedoch auf Grund besonderer Umst\u00e4nde, wie z.B. pl\u00f6tzliche Krankheit, Schwangerschaft, Verkehrsunfall, Umweltein-fl\u00fcsse,\u2028Verkehrsst\u00f6rungen etc. (auch von Familienangeh\u00f6rigen des Fotografen) der Fotograf den vereinbarten Fototermin absagen, kann keine Haftung\u2028f\u00fcr jegliche daraus resultierenden Sch\u00e4den, Verluste oder Folgen \u00fcbernommen werden. Sollte es kurzfristig\u2028aufgrund h\u00f6herer Gewalt zum Ausfall des Fotografen kommen, bem\u00fcht sich dieser (soweit vom Kunden\u2028erw\u00fcnscht) um einen Ersatzfotografen, der auf eigene Rechnung seine Leistungen erbringt.\u2028Ein Anspruch darauf besteht jedoch nicht.<\/li>\n<li>Der Fotograf haftet nicht f\u00fcr den Verlust von gespeicherten Daten und digitalen Fotos.\u2028F\u00fcr Sch\u00e4den, die durch das \u00dcbertragen von gelieferter Daten in einem Computer entstehen, leistet der\u2028Fotograf keinen Ersatz. Allerdings k\u00f6nnen die gelieferten Fotos bis 12 Monate nach Auftragsdatum erneut vom Fotografen angefordert werden. Der Fotograf ist berechtigt, Fremdlabore, Fotobuchhersteller oder Produzenten von Hochzeitsalben, Druckereien\u2028etc. zu beauftragen. Er haftet nur f\u00fcr eigenes Verschulden und nur f\u00fcr vors\u00e4tzliches oder grob fahrl\u00e4ssiges\u2028Verhalten. \u00dcber den Materialwert hinausgehender Schadensersatz ist ausgeschlossen.<\/li>\n<\/ol>\n<ol start=\"3\">\n<li>Der Fotograf haftet f\u00fcr Lichtbest\u00e4ndigkeit und Dauerhaftigkeit der Fotos nur im Rahmen der Garantieleistungen\u2028der Hersteller des Fotomaterials. F\u00fcr Verf\u00e4rbungen im Falzbereich und auf Vorder- und R\u00fcckseite von Fotob\u00fcchern und Hochzeitsalben\u2028\u00fcbernimmt der Fotograf keine Haftung.<\/li>\n<li>Beanstandungen, gleich welcher Art, sind innerhalb von 7 Tagen nach \u00dcbergabe der Fotos bzw. des Werkes\u2028schriftlich beim Fotografen zu machen. Danach gelten die Fotos als vertragsgem\u00e4\u00df und m\u00e4ngelfrei\u2028abgenommen.<\/li>\n<\/ol>\n<p><strong>\u00a0<\/strong><\/p>\n<p><strong> Recht am eigenen Bild<\/strong><\/p>\n<p>Der Kunde stellt die Fotografin von jeglichen Anspr\u00fcchen seiner Hochzeitsg\u00e4ste frei. Dies sind insbesondere Schadensersatzforderungen aus materiellen und immateriellen Recht (Schmerzensgeldforderungen).\u00a0 Der Auftraggeber informiert seine G\u00e4ste im Vorfeld dar\u00fcber, dass ein Fotograf anwesend ist und Fotos von ihnen angefertigt werden. Jeder Gast der Hochzeit gibt mit seinem Erscheinen seine Einwilligung. Widerspr\u00fcche m\u00fcssen vom Brautpaar unverz\u00fcglich schriftlich angezeigt werden.<\/p>\n<p>Sollten Widerspr\u00fcche auftreten, informiert der Auftraggeber den Fotografen unverz\u00fcglich (max. 7 Tage nach \u00dcbergabe) bei der Kontrolle der Fotos in der Online-Galerie, noch vor Weitergabe der Zugangsdaten an die anderen G\u00e4ste. Der Fotograf wird nach Aufforderung das Bild auf allen Kan\u00e4len l\u00f6schen.<\/p>\n<p>&nbsp;<\/p>\n<p><strong>Datenschutz\u2028<\/strong><\/p>\n<p>Siehe gesonderte Erkl\u00e4rung<\/p>\n<p><strong>\u00a0<\/strong><\/p>\n<p><strong>Schlussbestimmungen<\/strong><\/p>\n<ol>\n<li>Es gilt das Recht der Bundesrepublik Deutschland, auch bei Lieferungen und Ver\u00f6ffentlichungen im Ausland. F\u00fcr alle nicht in diesen AGB geregelten Punkten, tritt die gesetzliche Regelung in Kraft.<\/li>\n<li>Nebenabreden zum Vertrag oder zu diesen AGB bed\u00fcrfen zu ihrer Wirksamkeit der Schriftform.<\/li>\n<li>Die etwaige Nichtigkeit bzw. Unwirksamkeit einer oder mehrerer Bestimmungen dieser AGB ber\u00fchrt nicht die Wirksamkeit der \u00fcbrigen Bestimmungen.<\/li>\n<\/ol>\n<p>&nbsp;<\/p>\n<p>Diese AGB gelten ab dem 27.06.2021. Alle fr\u00fcheren AGB verlieren ihre G\u00fcltigkeit.<\/p>\n","protected":false},"excerpt":{"rendered":"<p>Allgemeine Gesch\u00e4ftsbedingungen zur Hochzeitsfotografie und allen damit verbundenen Dienstleistungen und Produkten von Miriam Castle-Weiss (Hochzeitsfotografie-Castle), nachfolgend Fotograf genannt. &nbsp; \u00a0Allgemeines Nachstehende Bedingungen gelten f\u00fcr alle dem Fotografen erteilten Auftr\u00e4ge. Sie gelten ebenso f\u00fcr zuk\u00fcnftige\u2028Gesch\u00e4ftsbeziehungen der Vertragsparteien, auch wenn sie nicht erneut ausdr\u00fccklich in die sp\u00e4tere Vereinbarung\u2028aufgenommen werden. Sie gelten als vereinbart mit \u00dcberweisung der Anzahlung [&hellip;]<\/p>\n","protected":false},"author":1,"featured_media":0,"parent":0,"menu_order":0,"comment_status":"closed","ping_status":"closed","template":"","meta":{"_acf_changed":false,"footnotes":""},"class_list":["post-2702","page","type-page","status-publish","hentry"],"acf":[],"yoast_head":"<!-- This site is optimized with the Yoast SEO plugin v27.4 - https:\/\/yoast.com\/product\/yoast-seo-wordpress\/ -->\n<title>AGB - Hochzeitsfotografie Wiesbaden<\/title>\n<meta name=\"robots\" content=\"index, follow, max-snippet:-1, max-image-preview:large, max-video-preview:-1\" \/>\n<link rel=\"canonical\" href=\"https:\/\/miriamcastleweiss.de\/hochzeit\/agb\/\" \/>\n<meta property=\"og:locale\" content=\"de_DE\" \/>\n<meta property=\"og:type\" content=\"article\" \/>\n<meta property=\"og:title\" content=\"AGB - Hochzeitsfotografie Wiesbaden\" \/>\n<meta property=\"og:description\" content=\"Allgemeine Gesch\u00e4ftsbedingungen zur Hochzeitsfotografie und allen damit verbundenen Dienstleistungen und Produkten von Miriam Castle-Weiss (Hochzeitsfotografie-Castle), nachfolgend Fotograf genannt. &nbsp; \u00a0Allgemeines Nachstehende Bedingungen gelten f\u00fcr alle dem Fotografen erteilten Auftr\u00e4ge. Sie gelten ebenso f\u00fcr zuk\u00fcnftige\u2028Gesch\u00e4ftsbeziehungen der Vertragsparteien, auch wenn sie nicht erneut ausdr\u00fccklich in die sp\u00e4tere Vereinbarung\u2028aufgenommen werden. Sie gelten als vereinbart mit \u00dcberweisung der Anzahlung [&hellip;]\" \/>\n<meta property=\"og:url\" content=\"https:\/\/miriamcastleweiss.de\/hochzeit\/agb\/\" \/>\n<meta property=\"og:site_name\" content=\"Hochzeitsfotografie Wiesbaden\" \/>\n<meta property=\"article:publisher\" content=\"https:\/\/www.facebook.com\/miriamcastleweiss.fotografie\" \/>\n<meta name=\"twitter:card\" content=\"summary_large_image\" \/>\n<meta name=\"twitter:label1\" content=\"Gesch\u00e4tzte Lesezeit\" \/>\n\t<meta name=\"twitter:data1\" content=\"7\u00a0Minuten\" \/>\n<script type=\"application\/ld+json\" class=\"yoast-schema-graph\">{\"@context\":\"https:\\\/\\\/schema.org\",\"@graph\":[{\"@type\":\"WebPage\",\"@id\":\"https:\\\/\\\/miriamcastleweiss.de\\\/hochzeit\\\/agb\\\/\",\"url\":\"https:\\\/\\\/miriamcastleweiss.de\\\/hochzeit\\\/agb\\\/\",\"name\":\"AGB - Hochzeitsfotografie Wiesbaden\",\"isPartOf\":{\"@id\":\"https:\\\/\\\/miriamcastleweiss.de\\\/hochzeit\\\/#website\"},\"datePublished\":\"2021-06-27T19:37:19+00:00\",\"breadcrumb\":{\"@id\":\"https:\\\/\\\/miriamcastleweiss.de\\\/hochzeit\\\/agb\\\/#breadcrumb\"},\"inLanguage\":\"de\",\"potentialAction\":[{\"@type\":\"ReadAction\",\"target\":[\"https:\\\/\\\/miriamcastleweiss.de\\\/hochzeit\\\/agb\\\/\"]}]},{\"@type\":\"BreadcrumbList\",\"@id\":\"https:\\\/\\\/miriamcastleweiss.de\\\/hochzeit\\\/agb\\\/#breadcrumb\",\"itemListElement\":[{\"@type\":\"ListItem\",\"position\":1,\"name\":\"Startseite\",\"item\":\"https:\\\/\\\/miriamcastleweiss.de\\\/hochzeit\\\/\"},{\"@type\":\"ListItem\",\"position\":2,\"name\":\"AGB\"}]},{\"@type\":\"WebSite\",\"@id\":\"https:\\\/\\\/miriamcastleweiss.de\\\/hochzeit\\\/#website\",\"url\":\"https:\\\/\\\/miriamcastleweiss.de\\\/hochzeit\\\/\",\"name\":\"Hochzeitsfotografie Wiesbaden\",\"description\":\"Hochzeitsbilder mit Geschichte\",\"publisher\":{\"@id\":\"https:\\\/\\\/miriamcastleweiss.de\\\/hochzeit\\\/#\\\/schema\\\/person\\\/453ac2a4756298cb580f64a5136fb69f\"},\"potentialAction\":[{\"@type\":\"SearchAction\",\"target\":{\"@type\":\"EntryPoint\",\"urlTemplate\":\"https:\\\/\\\/miriamcastleweiss.de\\\/hochzeit\\\/?s={search_term_string}\"},\"query-input\":{\"@type\":\"PropertyValueSpecification\",\"valueRequired\":true,\"valueName\":\"search_term_string\"}}],\"inLanguage\":\"de\"},{\"@type\":[\"Person\",\"Organization\"],\"@id\":\"https:\\\/\\\/miriamcastleweiss.de\\\/hochzeit\\\/#\\\/schema\\\/person\\\/453ac2a4756298cb580f64a5136fb69f\",\"name\":\"Miriam\",\"image\":{\"@type\":\"ImageObject\",\"inLanguage\":\"de\",\"@id\":\"https:\\\/\\\/miriamcastleweiss.de\\\/hochzeit\\\/wp-content\\\/uploads\\\/2024\\\/01\\\/MCW_Logodesign_RGB_Querformat-scaled.jpg\",\"url\":\"https:\\\/\\\/miriamcastleweiss.de\\\/hochzeit\\\/wp-content\\\/uploads\\\/2024\\\/01\\\/MCW_Logodesign_RGB_Querformat-scaled.jpg\",\"contentUrl\":\"https:\\\/\\\/miriamcastleweiss.de\\\/hochzeit\\\/wp-content\\\/uploads\\\/2024\\\/01\\\/MCW_Logodesign_RGB_Querformat-scaled.jpg\",\"width\":2560,\"height\":1139,\"caption\":\"Miriam\"},\"logo\":{\"@id\":\"https:\\\/\\\/miriamcastleweiss.de\\\/hochzeit\\\/wp-content\\\/uploads\\\/2024\\\/01\\\/MCW_Logodesign_RGB_Querformat-scaled.jpg\"},\"sameAs\":[\"https:\\\/\\\/www.facebook.com\\\/miriamcastleweiss.fotografie\",\"https:\\\/\\\/www.instagram.com\\\/miriamcastleweiss.fotografie\",\"https:\\\/\\\/www.linkedin.com\\\/in\\\/miriam-castle-weiss-568b9b214\\\/\"]}]}<\/script>\n<!-- \/ Yoast SEO plugin. -->","yoast_head_json":{"title":"AGB - Hochzeitsfotografie Wiesbaden","robots":{"index":"index","follow":"follow","max-snippet":"max-snippet:-1","max-image-preview":"max-image-preview:large","max-video-preview":"max-video-preview:-1"},"canonical":"https:\/\/miriamcastleweiss.de\/hochzeit\/agb\/","og_locale":"de_DE","og_type":"article","og_title":"AGB - Hochzeitsfotografie Wiesbaden","og_description":"Allgemeine Gesch\u00e4ftsbedingungen zur Hochzeitsfotografie und allen damit verbundenen Dienstleistungen und Produkten von Miriam Castle-Weiss (Hochzeitsfotografie-Castle), nachfolgend Fotograf genannt. &nbsp; \u00a0Allgemeines Nachstehende Bedingungen gelten f\u00fcr alle dem Fotografen erteilten Auftr\u00e4ge. Sie gelten ebenso f\u00fcr zuk\u00fcnftige\u2028Gesch\u00e4ftsbeziehungen der Vertragsparteien, auch wenn sie nicht erneut ausdr\u00fccklich in die sp\u00e4tere Vereinbarung\u2028aufgenommen werden. Sie gelten als vereinbart mit \u00dcberweisung der Anzahlung [&hellip;]","og_url":"https:\/\/miriamcastleweiss.de\/hochzeit\/agb\/","og_site_name":"Hochzeitsfotografie Wiesbaden","article_publisher":"https:\/\/www.facebook.com\/miriamcastleweiss.fotografie","twitter_card":"summary_large_image","twitter_misc":{"Gesch\u00e4tzte Lesezeit":"7\u00a0Minuten"},"schema":{"@context":"https:\/\/schema.org","@graph":[{"@type":"WebPage","@id":"https:\/\/miriamcastleweiss.de\/hochzeit\/agb\/","url":"https:\/\/miriamcastleweiss.de\/hochzeit\/agb\/","name":"AGB - Hochzeitsfotografie Wiesbaden","isPartOf":{"@id":"https:\/\/miriamcastleweiss.de\/hochzeit\/#website"},"datePublished":"2021-06-27T19:37:19+00:00","breadcrumb":{"@id":"https:\/\/miriamcastleweiss.de\/hochzeit\/agb\/#breadcrumb"},"inLanguage":"de","potentialAction":[{"@type":"ReadAction","target":["https:\/\/miriamcastleweiss.de\/hochzeit\/agb\/"]}]},{"@type":"BreadcrumbList","@id":"https:\/\/miriamcastleweiss.de\/hochzeit\/agb\/#breadcrumb","itemListElement":[{"@type":"ListItem","position":1,"name":"Startseite","item":"https:\/\/miriamcastleweiss.de\/hochzeit\/"},{"@type":"ListItem","position":2,"name":"AGB"}]},{"@type":"WebSite","@id":"https:\/\/miriamcastleweiss.de\/hochzeit\/#website","url":"https:\/\/miriamcastleweiss.de\/hochzeit\/","name":"Hochzeitsfotografie Wiesbaden","description":"Hochzeitsbilder mit Geschichte","publisher":{"@id":"https:\/\/miriamcastleweiss.de\/hochzeit\/#\/schema\/person\/453ac2a4756298cb580f64a5136fb69f"},"potentialAction":[{"@type":"SearchAction","target":{"@type":"EntryPoint","urlTemplate":"https:\/\/miriamcastleweiss.de\/hochzeit\/?s={search_term_string}"},"query-input":{"@type":"PropertyValueSpecification","valueRequired":true,"valueName":"search_term_string"}}],"inLanguage":"de"},{"@type":["Person","Organization"],"@id":"https:\/\/miriamcastleweiss.de\/hochzeit\/#\/schema\/person\/453ac2a4756298cb580f64a5136fb69f","name":"Miriam","image":{"@type":"ImageObject","inLanguage":"de","@id":"https:\/\/miriamcastleweiss.de\/hochzeit\/wp-content\/uploads\/2024\/01\/MCW_Logodesign_RGB_Querformat-scaled.jpg","url":"https:\/\/miriamcastleweiss.de\/hochzeit\/wp-content\/uploads\/2024\/01\/MCW_Logodesign_RGB_Querformat-scaled.jpg","contentUrl":"https:\/\/miriamcastleweiss.de\/hochzeit\/wp-content\/uploads\/2024\/01\/MCW_Logodesign_RGB_Querformat-scaled.jpg","width":2560,"height":1139,"caption":"Miriam"},"logo":{"@id":"https:\/\/miriamcastleweiss.de\/hochzeit\/wp-content\/uploads\/2024\/01\/MCW_Logodesign_RGB_Querformat-scaled.jpg"},"sameAs":["https:\/\/www.facebook.com\/miriamcastleweiss.fotografie","https:\/\/www.instagram.com\/miriamcastleweiss.fotografie","https:\/\/www.linkedin.com\/in\/miriam-castle-weiss-568b9b214\/"]}]}},"_links":{"self":[{"href":"https:\/\/miriamcastleweiss.de\/hochzeit\/wp-json\/wp\/v2\/pages\/2702","targetHints":{"allow":["GET"]}}],"collection":[{"href":"https:\/\/miriamcastleweiss.de\/hochzeit\/wp-json\/wp\/v2\/pages"}],"about":[{"href":"https:\/\/miriamcastleweiss.de\/hochzeit\/wp-json\/wp\/v2\/types\/page"}],"author":[{"embeddable":true,"href":"https:\/\/miriamcastleweiss.de\/hochzeit\/wp-json\/wp\/v2\/users\/1"}],"replies":[{"embeddable":true,"href":"https:\/\/miriamcastleweiss.de\/hochzeit\/wp-json\/wp\/v2\/comments?post=2702"}],"version-history":[{"count":1,"href":"https:\/\/miriamcastleweiss.de\/hochzeit\/wp-json\/wp\/v2\/pages\/2702\/revisions"}],"predecessor-version":[{"id":2704,"href":"https:\/\/miriamcastleweiss.de\/hochzeit\/wp-json\/wp\/v2\/pages\/2702\/revisions\/2704"}],"wp:attachment":[{"href":"https:\/\/miriamcastleweiss.de\/hochzeit\/wp-json\/wp\/v2\/media?parent=2702"}],"curies":[{"name":"wp","href":"https:\/\/api.w.org\/{rel}","templated":true}]}}